{"id":7,"date":"2017-02-22T17:24:48","date_gmt":"2017-02-22T22:24:48","guid":{"rendered":"https:\/\/viajeskyodai.wordpress.com\/?page_id=3"},"modified":"2022-07-23T17:30:58","modified_gmt":"2022-07-23T22:30:58","slug":"about-us","status":"publish","type":"page","link":"https:\/\/kyodai.com.pe\/viajes\/home\/about-us\/","title":{"rendered":"About us"},"content":{"rendered":"<h4 style=\"text-align:justify;\">QUIENES SOMOS<\/h4>\n<p style=\"text-align:justify;\">Somos Viajes Kyodai, nacimos para brindar el mejor servicio y asesor\u00eda a nuestros clientes, acompa\u00f1\u00e1ndolo en todo el proceso para lograr su viaje so\u00f1ado, ofreciendo una atenci\u00f3n personalizada de alto nivel, transmitiendo confianza y seguridad en todo momento. Nuestro principal objetivo es brindarle una experiencia \u00fanica e inolvidable que supere sus expectativas en cada destino so\u00f1ado.<\/p>\n<h4 style=\"text-align:justify;\">NUESTRO EQUIPO<\/h4>\n<p style=\"text-align:justify;\">Nuestro staff est\u00e1 conformado por un equipo de profesionales de primer nivel, especializados en el sector turismo con gran experiencia y contin\u00faa capacitaci\u00f3n en todos los servicios que ofrecemos, inspirando confianza, tranquilidad y seguridad. Nos esforzamos por brindarle siempre un valor especial en cada atenci\u00f3n.<\/p>\n<h4 style=\"text-align:justify;\">SERVICIOS<\/h4>\n<ul>\n<li style=\"text-align:justify;\">Boletos A\u00e9reos Nacionales e Internacionales.<\/li>\n<li style=\"text-align:justify;\">Paquetes Tur\u00edsticos a todo destino.<\/li>\n<li style=\"text-align:justify;\">Salidas Grupales: Paquetes personalizados especialmente preparados para cada ocasi\u00f3n.<\/li>\n<li style=\"text-align:justify;\">Tarjetas de Asistencia \u2013 Seguro de viajes.<\/li>\n<\/ul>\n","protected":false},"excerpt":{"rendered":"<p>Te acompa\u00f1amos a vivir experiencias inolvidables&#8230;<\/p>\n","protected":false},"author":1,"featured_media":80,"parent":6,"menu_order":1,"comment_status":"closed","ping_status":"closed","template":"","meta":{"jetpack_post_was_ever_published":false},"yoast_head":"<!-- This site is optimized with the Yoast SEO plugin v20.2.1 - https:\/\/yoast.com\/wordpress\/plugins\/seo\/ -->\n<title>About us - Viajes Kyodai<\/title>\n<meta name=\"robots\" content=\"index, follow, max-snippet:-1, max-image-preview:large, max-video-preview:-1\" \/>\n<link rel=\"canonical\" href=\"https:\/\/kyodai.com.pe\/viajes\/home\/about-us\/\" \/>\n<meta property=\"og:locale\" content=\"es_ES\" \/>\n<meta property=\"og:type\" content=\"article\" \/>\n<meta property=\"og:title\" content=\"About us - Viajes Kyodai\" \/>\n<meta property=\"og:description\" content=\"Te acompa\u00f1amos a vivir experiencias inolvidables...\" \/>\n<meta property=\"og:url\" content=\"https:\/\/kyodai.com.pe\/viajes\/home\/about-us\/\" \/>\n<meta property=\"og:site_name\" content=\"Viajes Kyodai\" \/>\n<meta property=\"article:modified_time\" content=\"2022-07-23T22:30:58+00:00\" \/>\n<meta property=\"og:image\" content=\"https:\/\/kyodai.com.pe\/viajes\/wp-content\/uploads\/2017\/02\/viajes-en-grupo-para-conocer-gente.jpg\" \/>\n\t<meta property=\"og:image:width\" content=\"720\" \/>\n\t<meta property=\"og:image:height\" content=\"388\" \/>\n\t<meta property=\"og:image:type\" content=\"image\/jpeg\" \/>\n<meta name=\"twitter:card\" content=\"summary_large_image\" \/>\n<meta name=\"twitter:label1\" content=\"Tiempo de lectura\" \/>\n\t<meta name=\"twitter:data1\" content=\"1 minuto\" \/>\n<script type=\"application\/ld+json\" class=\"yoast-schema-graph\">{\"@context\":\"https:\/\/schema.org\",\"@graph\":[{\"@type\":\"WebPage\",\"@id\":\"https:\/\/kyodai.com.pe\/viajes\/home\/about-us\/\",\"url\":\"https:\/\/kyodai.com.pe\/viajes\/home\/about-us\/\",\"name\":\"About us - Viajes Kyodai\",\"isPartOf\":{\"@id\":\"https:\/\/kyodai.com.pe\/viajes\/#website\"},\"datePublished\":\"2017-02-22T22:24:48+00:00\",\"dateModified\":\"2022-07-23T22:30:58+00:00\",\"breadcrumb\":{\"@id\":\"https:\/\/kyodai.com.pe\/viajes\/home\/about-us\/#breadcrumb\"},\"inLanguage\":\"es\",\"potentialAction\":[{\"@type\":\"ReadAction\",\"target\":[\"https:\/\/kyodai.com.pe\/viajes\/home\/about-us\/\"]}]},{\"@type\":\"BreadcrumbList\",\"@id\":\"https:\/\/kyodai.com.pe\/viajes\/home\/about-us\/#breadcrumb\",\"itemListElement\":[{\"@type\":\"ListItem\",\"position\":1,\"name\":\"Portada\",\"item\":\"https:\/\/kyodai.com.pe\/viajes\/\"},{\"@type\":\"ListItem\",\"position\":2,\"name\":\"Home\",\"item\":\"https:\/\/kyodai.com.pe\/viajes\/\"},{\"@type\":\"ListItem\",\"position\":3,\"name\":\"About us\"}]},{\"@type\":\"WebSite\",\"@id\":\"https:\/\/kyodai.com.pe\/viajes\/#website\",\"url\":\"https:\/\/kyodai.com.pe\/viajes\/\",\"name\":\"Viajes Kyodai\",\"description\":\"\",\"publisher\":{\"@id\":\"https:\/\/kyodai.com.pe\/viajes\/#organization\"},\"potentialAction\":[{\"@type\":\"SearchAction\",\"target\":{\"@type\":\"EntryPoint\",\"urlTemplate\":\"https:\/\/kyodai.com.pe\/viajes\/?s={search_term_string}\"},\"query-input\":\"required name=search_term_string\"}],\"inLanguage\":\"es\"},{\"@type\":\"Organization\",\"@id\":\"https:\/\/kyodai.com.pe\/viajes\/#organization\",\"name\":\"Viajes Kyodai\",\"url\":\"https:\/\/kyodai.com.pe\/viajes\/\",\"logo\":{\"@type\":\"ImageObject\",\"inLanguage\":\"es\",\"@id\":\"https:\/\/kyodai.com.pe\/viajes\/#\/schema\/logo\/image\/\",\"url\":\"https:\/\/kyodai.com.pe\/viajes\/wp-content\/uploads\/2021\/04\/cropped-Logo-web1-2.png\",\"contentUrl\":\"https:\/\/kyodai.com.pe\/viajes\/wp-content\/uploads\/2021\/04\/cropped-Logo-web1-2.png\",\"width\":234,\"height\":70,\"caption\":\"Viajes Kyodai\"},\"image\":{\"@id\":\"https:\/\/kyodai.com.pe\/viajes\/#\/schema\/logo\/image\/\"}}]}<\/script>\n<!-- \/ Yoast SEO plugin. -->","yoast_head_json":{"title":"About us - Viajes Kyodai","robots":{"index":"index","follow":"follow","max-snippet":"max-snippet:-1","max-image-preview":"max-image-preview:large","max-video-preview":"max-video-preview:-1"},"canonical":"https:\/\/kyodai.com.pe\/viajes\/home\/about-us\/","og_locale":"es_ES","og_type":"article","og_title":"About us - Viajes Kyodai","og_description":"Te acompa\u00f1amos a vivir experiencias inolvidables...","og_url":"https:\/\/kyodai.com.pe\/viajes\/home\/about-us\/","og_site_name":"Viajes Kyodai","article_modified_time":"2022-07-23T22:30:58+00:00","og_image":[{"width":720,"height":388,"url":"https:\/\/kyodai.com.pe\/viajes\/wp-content\/uploads\/2017\/02\/viajes-en-grupo-para-conocer-gente.jpg","type":"image\/jpeg"}],"twitter_card":"summary_large_image","twitter_misc":{"Tiempo de lectura":"1 minuto"},"schema":{"@context":"https:\/\/schema.org","@graph":[{"@type":"WebPage","@id":"https:\/\/kyodai.com.pe\/viajes\/home\/about-us\/","url":"https:\/\/kyodai.com.pe\/viajes\/home\/about-us\/","name":"About us - Viajes Kyodai","isPartOf":{"@id":"https:\/\/kyodai.com.pe\/viajes\/#website"},"datePublished":"2017-02-22T22:24:48+00:00","dateModified":"2022-07-23T22:30:58+00:00","breadcrumb":{"@id":"https:\/\/kyodai.com.pe\/viajes\/home\/about-us\/#breadcrumb"},"inLanguage":"es","potentialAction":[{"@type":"ReadAction","target":["https:\/\/kyodai.com.pe\/viajes\/home\/about-us\/"]}]},{"@type":"BreadcrumbList","@id":"https:\/\/kyodai.com.pe\/viajes\/home\/about-us\/#breadcrumb","itemListElement":[{"@type":"ListItem","position":1,"name":"Portada","item":"https:\/\/kyodai.com.pe\/viajes\/"},{"@type":"ListItem","position":2,"name":"Home","item":"https:\/\/kyodai.com.pe\/viajes\/"},{"@type":"ListItem","position":3,"name":"About us"}]},{"@type":"WebSite","@id":"https:\/\/kyodai.com.pe\/viajes\/#website","url":"https:\/\/kyodai.com.pe\/viajes\/","name":"Viajes Kyodai","description":"","publisher":{"@id":"https:\/\/kyodai.com.pe\/viajes\/#organization"},"potentialAction":[{"@type":"SearchAction","target":{"@type":"EntryPoint","urlTemplate":"https:\/\/kyodai.com.pe\/viajes\/?s={search_term_string}"},"query-input":"required name=search_term_string"}],"inLanguage":"es"},{"@type":"Organization","@id":"https:\/\/kyodai.com.pe\/viajes\/#organization","name":"Viajes Kyodai","url":"https:\/\/kyodai.com.pe\/viajes\/","logo":{"@type":"ImageObject","inLanguage":"es","@id":"https:\/\/kyodai.com.pe\/viajes\/#\/schema\/logo\/image\/","url":"https:\/\/kyodai.com.pe\/viajes\/wp-content\/uploads\/2021\/04\/cropped-Logo-web1-2.png","contentUrl":"https:\/\/kyodai.com.pe\/viajes\/wp-content\/uploads\/2021\/04\/cropped-Logo-web1-2.png","width":234,"height":70,"caption":"Viajes Kyodai"},"image":{"@id":"https:\/\/kyodai.com.pe\/viajes\/#\/schema\/logo\/image\/"}}]}},"jetpack_sharing_enabled":false,"jetpack_shortlink":"https:\/\/wp.me\/P9FHgb-7","_links":{"self":[{"href":"https:\/\/kyodai.com.pe\/viajes\/wp-json\/wp\/v2\/pages\/7"}],"collection":[{"href":"https:\/\/kyodai.com.pe\/viajes\/wp-json\/wp\/v2\/pages"}],"about":[{"href":"https:\/\/kyodai.com.pe\/viajes\/wp-json\/wp\/v2\/types\/page"}],"author":[{"embeddable":true,"href":"https:\/\/kyodai.com.pe\/viajes\/wp-json\/wp\/v2\/users\/1"}],"replies":[{"embeddable":true,"href":"https:\/\/kyodai.com.pe\/viajes\/wp-json\/wp\/v2\/comments?post=7"}],"version-history":[{"count":2,"href":"https:\/\/kyodai.com.pe\/viajes\/wp-json\/wp\/v2\/pages\/7\/revisions"}],"predecessor-version":[{"id":1992,"href":"https:\/\/kyodai.com.pe\/viajes\/wp-json\/wp\/v2\/pages\/7\/revisions\/1992"}],"up":[{"embeddable":true,"href":"https:\/\/kyodai.com.pe\/viajes\/wp-json\/wp\/v2\/pages\/6"}],"wp:featuredmedia":[{"embeddable":true,"href":"https:\/\/kyodai.com.pe\/viajes\/wp-json\/wp\/v2\/media\/80"}],"wp:attachment":[{"href":"https:\/\/kyodai.com.pe\/viajes\/wp-json\/wp\/v2\/media?parent=7"}],"curies":[{"name":"wp","href":"https:\/\/api.w.org\/{rel}","templated":true}]}}