{"id":6,"date":"2017-02-22T17:24:49","date_gmt":"2017-02-22T22:24:49","guid":{"rendered":"https:\/\/viajeskyodai.wordpress.com\/?page_id=2"},"modified":"2023-03-17T12:50:01","modified_gmt":"2023-03-17T17:50:01","slug":"home","status":"publish","type":"page","link":"https:\/\/kyodai.com.pe\/viajes\/","title":{"rendered":"Home"},"content":{"rendered":"","protected":false},"excerpt":{"rendered":"<p>This is the home page&#8217;s excerpt<\/p>\n","protected":false},"author":1,"featured_media":0,"parent":0,"menu_order":0,"comment_status":"closed","ping_status":"closed","template":"","meta":{"jetpack_post_was_ever_published":false},"yoast_head":"<!-- This site is optimized with the Yoast SEO plugin v20.2.1 - https:\/\/yoast.com\/wordpress\/plugins\/seo\/ -->\n<title>Home - Viajes Kyodai<\/title>\n<meta name=\"description\" content=\"Disfruta tu nueva experiencia con nosotros. Viajes de ensue\u00f1o, asesor\u00eda personalizada. Calidad en nuestra atenci\u00f3n y servicio post venta.\" \/>\n<meta name=\"robots\" content=\"index, follow, max-snippet:-1, max-image-preview:large, max-video-preview:-1\" \/>\n<link rel=\"canonical\" href=\"https:\/\/kyodai.com.pe\/viajes\/\" \/>\n<meta property=\"og:locale\" content=\"es_ES\" \/>\n<meta property=\"og:type\" content=\"article\" \/>\n<meta property=\"og:title\" content=\"Viajes Kyodai\" \/>\n<meta property=\"og:description\" content=\"Disfruta tu nueva experiencia con nosotros...!\" \/>\n<meta property=\"og:url\" content=\"https:\/\/kyodai.com.pe\/viajes\/\" \/>\n<meta property=\"og:site_name\" content=\"Viajes Kyodai\" \/>\n<meta property=\"article:modified_time\" content=\"2023-03-17T17:50:01+00:00\" \/>\n<meta property=\"og:image\" content=\"https:\/\/kyodai.com.pe\/viajes\/wp-content\/uploads\/2023\/03\/Web_Viajes_Kyodai.jpg\" \/>\n\t<meta property=\"og:image:width\" content=\"1906\" \/>\n\t<meta property=\"og:image:height\" content=\"902\" \/>\n\t<meta property=\"og:image:type\" content=\"image\/jpeg\" \/>\n<meta name=\"twitter:card\" content=\"summary_large_image\" \/>\n<script type=\"application\/ld+json\" class=\"yoast-schema-graph\">{\"@context\":\"https:\/\/schema.org\",\"@graph\":[{\"@type\":\"WebPage\",\"@id\":\"https:\/\/kyodai.com.pe\/viajes\/\",\"url\":\"https:\/\/kyodai.com.pe\/viajes\/\",\"name\":\"Home - Viajes Kyodai\",\"isPartOf\":{\"@id\":\"https:\/\/kyodai.com.pe\/viajes\/#website\"},\"datePublished\":\"2017-02-22T22:24:49+00:00\",\"dateModified\":\"2023-03-17T17:50:01+00:00\",\"description\":\"Disfruta tu nueva experiencia con nosotros. Viajes de ensue\u00f1o, asesor\u00eda personalizada. Calidad en nuestra atenci\u00f3n y servicio post venta.\",\"breadcrumb\":{\"@id\":\"https:\/\/kyodai.com.pe\/viajes\/#breadcrumb\"},\"inLanguage\":\"es\",\"potentialAction\":[{\"@type\":\"ReadAction\",\"target\":[\"https:\/\/kyodai.com.pe\/viajes\/\"]}]},{\"@type\":\"BreadcrumbList\",\"@id\":\"https:\/\/kyodai.com.pe\/viajes\/#breadcrumb\",\"itemListElement\":[{\"@type\":\"ListItem\",\"position\":1,\"name\":\"Portada\",\"item\":\"https:\/\/kyodai.com.pe\/viajes\/\"},{\"@type\":\"ListItem\",\"position\":2,\"name\":\"Home\"}]},{\"@type\":\"WebSite\",\"@id\":\"https:\/\/kyodai.com.pe\/viajes\/#website\",\"url\":\"https:\/\/kyodai.com.pe\/viajes\/\",\"name\":\"Viajes Kyodai\",\"description\":\"\",\"publisher\":{\"@id\":\"https:\/\/kyodai.com.pe\/viajes\/#organization\"},\"potentialAction\":[{\"@type\":\"SearchAction\",\"target\":{\"@type\":\"EntryPoint\",\"urlTemplate\":\"https:\/\/kyodai.com.pe\/viajes\/?s={search_term_string}\"},\"query-input\":\"required name=search_term_string\"}],\"inLanguage\":\"es\"},{\"@type\":\"Organization\",\"@id\":\"https:\/\/kyodai.com.pe\/viajes\/#organization\",\"name\":\"Viajes Kyodai\",\"url\":\"https:\/\/kyodai.com.pe\/viajes\/\",\"logo\":{\"@type\":\"ImageObject\",\"inLanguage\":\"es\",\"@id\":\"https:\/\/kyodai.com.pe\/viajes\/#\/schema\/logo\/image\/\",\"url\":\"https:\/\/kyodai.com.pe\/viajes\/wp-content\/uploads\/2021\/04\/cropped-Logo-web1-2.png\",\"contentUrl\":\"https:\/\/kyodai.com.pe\/viajes\/wp-content\/uploads\/2021\/04\/cropped-Logo-web1-2.png\",\"width\":234,\"height\":70,\"caption\":\"Viajes Kyodai\"},\"image\":{\"@id\":\"https:\/\/kyodai.com.pe\/viajes\/#\/schema\/logo\/image\/\"}}]}<\/script>\n<!-- \/ Yoast SEO plugin. -->","yoast_head_json":{"title":"Home - Viajes Kyodai","description":"Disfruta tu nueva experiencia con nosotros. Viajes de ensue\u00f1o, asesor\u00eda personalizada. Calidad en nuestra atenci\u00f3n y servicio post venta.","robots":{"index":"index","follow":"follow","max-snippet":"max-snippet:-1","max-image-preview":"max-image-preview:large","max-video-preview":"max-video-preview:-1"},"canonical":"https:\/\/kyodai.com.pe\/viajes\/","og_locale":"es_ES","og_type":"article","og_title":"Viajes Kyodai","og_description":"Disfruta tu nueva experiencia con nosotros...!","og_url":"https:\/\/kyodai.com.pe\/viajes\/","og_site_name":"Viajes Kyodai","article_modified_time":"2023-03-17T17:50:01+00:00","og_image":[{"width":1906,"height":902,"url":"https:\/\/kyodai.com.pe\/viajes\/wp-content\/uploads\/2023\/03\/Web_Viajes_Kyodai.jpg","type":"image\/jpeg"}],"twitter_card":"summary_large_image","schema":{"@context":"https:\/\/schema.org","@graph":[{"@type":"WebPage","@id":"https:\/\/kyodai.com.pe\/viajes\/","url":"https:\/\/kyodai.com.pe\/viajes\/","name":"Home - Viajes Kyodai","isPartOf":{"@id":"https:\/\/kyodai.com.pe\/viajes\/#website"},"datePublished":"2017-02-22T22:24:49+00:00","dateModified":"2023-03-17T17:50:01+00:00","description":"Disfruta tu nueva experiencia con nosotros. Viajes de ensue\u00f1o, asesor\u00eda personalizada. Calidad en nuestra atenci\u00f3n y servicio post venta.","breadcrumb":{"@id":"https:\/\/kyodai.com.pe\/viajes\/#breadcrumb"},"inLanguage":"es","potentialAction":[{"@type":"ReadAction","target":["https:\/\/kyodai.com.pe\/viajes\/"]}]},{"@type":"BreadcrumbList","@id":"https:\/\/kyodai.com.pe\/viajes\/#breadcrumb","itemListElement":[{"@type":"ListItem","position":1,"name":"Portada","item":"https:\/\/kyodai.com.pe\/viajes\/"},{"@type":"ListItem","position":2,"name":"Home"}]},{"@type":"WebSite","@id":"https:\/\/kyodai.com.pe\/viajes\/#website","url":"https:\/\/kyodai.com.pe\/viajes\/","name":"Viajes Kyodai","description":"","publisher":{"@id":"https:\/\/kyodai.com.pe\/viajes\/#organization"},"potentialAction":[{"@type":"SearchAction","target":{"@type":"EntryPoint","urlTemplate":"https:\/\/kyodai.com.pe\/viajes\/?s={search_term_string}"},"query-input":"required name=search_term_string"}],"inLanguage":"es"},{"@type":"Organization","@id":"https:\/\/kyodai.com.pe\/viajes\/#organization","name":"Viajes Kyodai","url":"https:\/\/kyodai.com.pe\/viajes\/","logo":{"@type":"ImageObject","inLanguage":"es","@id":"https:\/\/kyodai.com.pe\/viajes\/#\/schema\/logo\/image\/","url":"https:\/\/kyodai.com.pe\/viajes\/wp-content\/uploads\/2021\/04\/cropped-Logo-web1-2.png","contentUrl":"https:\/\/kyodai.com.pe\/viajes\/wp-content\/uploads\/2021\/04\/cropped-Logo-web1-2.png","width":234,"height":70,"caption":"Viajes Kyodai"},"image":{"@id":"https:\/\/kyodai.com.pe\/viajes\/#\/schema\/logo\/image\/"}}]}},"jetpack_sharing_enabled":false,"jetpack_shortlink":"https:\/\/wp.me\/P9FHgb-6","_links":{"self":[{"href":"https:\/\/kyodai.com.pe\/viajes\/wp-json\/wp\/v2\/pages\/6"}],"collection":[{"href":"https:\/\/kyodai.com.pe\/viajes\/wp-json\/wp\/v2\/pages"}],"about":[{"href":"https:\/\/kyodai.com.pe\/viajes\/wp-json\/wp\/v2\/types\/page"}],"author":[{"embeddable":true,"href":"https:\/\/kyodai.com.pe\/viajes\/wp-json\/wp\/v2\/users\/1"}],"replies":[{"embeddable":true,"href":"https:\/\/kyodai.com.pe\/viajes\/wp-json\/wp\/v2\/comments?post=6"}],"version-history":[{"count":48,"href":"https:\/\/kyodai.com.pe\/viajes\/wp-json\/wp\/v2\/pages\/6\/revisions"}],"predecessor-version":[{"id":3975,"href":"https:\/\/kyodai.com.pe\/viajes\/wp-json\/wp\/v2\/pages\/6\/revisions\/3975"}],"wp:attachment":[{"href":"https:\/\/kyodai.com.pe\/viajes\/wp-json\/wp\/v2\/media?parent=6"}],"curies":[{"name":"wp","href":"https:\/\/api.w.org\/{rel}","templated":true}]}}