{"id":1406,"date":"2019-05-31T16:30:24","date_gmt":"2019-05-31T16:30:24","guid":{"rendered":"http:\/\/kyodai.com.pe\/viajes\/?page_id=1406"},"modified":"2023-06-15T16:41:09","modified_gmt":"2023-06-15T21:41:09","slug":"politica-de-privacidad","status":"publish","type":"page","link":"https:\/\/kyodai.com.pe\/viajes\/politica-de-privacidad\/","title":{"rendered":"Pol\u00edtica de privacidad"},"content":{"rendered":"\n<p><strong>POL\u00cdTICAS DE PRIVACIDAD Y DATOS PERSONALES<\/strong><\/p>\n\n\n\n<p>En KYODAI PERU S.A.C le informamos que, de acuerdo a lo dispuesto por la Ley N\u00b0 29733, Ley de Protecci\u00f3n de Datos Personales, en cumplimiento de lo previsto en el art\u00edculo 10 del Decreto 1377 de 2013, todos los datos personales provistos por usted quedar\u00e1n almacenados en nuestra base de datos bajo un entorno seguro y no se encontrar\u00e1n disponibles para el p\u00fablico en general, todo esto con la finalidad de poder atender sus solicitudes, dar respuesta a sus consultas o remitir la informaci\u00f3n asociada a su servicios contratados y\/o mantenerlo al tanto de informaci\u00f3n que consideramos podr\u00e1 ser de su inter\u00e9s.<\/p>\n\n\n\n<p>As\u00ed mismo para utilizar algunos de los servicios o acceder a determinados contenidos, deber\u00e1 proporcionar previamente ciertos datos de car\u00e1cter personal, que solo ser\u00e1n utilizados para el prop\u00f3sito que fueron recopilados. El tipo de la posible informaci\u00f3n que se le sea solicitada incluyen: Nombres, apellidos, direcci\u00f3n de correo electr\u00f3nico (e-mail), fecha de nacimiento, sexo, pa\u00eds y ciudad de origen e intereses personales, entre otros, no toda la Informaci\u00f3n solicitada al momento de ingresar en el sitio es obligatoria de proporcionarse, salvo aquella que consideremos conveniente para procesar sus solicitudes y requerimientos.<\/p>\n\n\n\n<p>Dicha Informaci\u00f3n no ser\u00e1 compartida ni revelada, excepto cuando haya sido autorizada por usted, o en los siguientes casos:<\/p>\n\n\n\n<p>Cuando le sea requerido por una autoridad competente y previo el cumplimiento del tr\u00e1mite legal correspondiente.<br>Cuando a juicio de este sitio sea necesario para hacer cumplir las condiciones de uso y dem\u00e1s t\u00e9rminos de esta p\u00e1gina, o para salvaguardar la integridad de los dem\u00e1s usuarios o del sitio.<\/p>\n\n\n\n<p>Si tiene preguntas o consultas sobre esta Pol\u00edtica, no dude en contactarse en cualquier momento a trav\u00e9s del correo electr\u00f3nico: viajes@kyodai.com.pe<\/p>\n\n\n\n<p><strong>Pol\u00edticas de Seguridad y Privacidad<\/strong><\/p>\n\n\n\n<p>kyodai.com.pe\/viajes\/ garantiza su compromiso de Seguridad y Privacidad de los Usuarios al realizar una comprar en su sitio web. Toda la informaci\u00f3n transmitida hacia www.kyodai.com.pe\/viajes es cifrada a trav\u00e9s del sistema TLS 1.1 (Transport Layer Security), que actualmente es el est\u00e1ndar usado por las compa\u00f1\u00edas m\u00e1s importantes del mundo para realizar transacciones electr\u00f3nicas seguras; lo que significa que toda su informaci\u00f3n personal, como nombre, tel\u00e9fono, direcci\u00f3n de correo electr\u00f3nico, direcci\u00f3n postal, y n\u00famero de tarjeta de cr\u00e9dito, no podr\u00e1 ser le\u00edda, ni capturada por terceros mientras navega a trav\u00e9s de nuestro sitio web que opera bajo el nombre del dominio URL.<\/p>\n\n\n\n<p>\u00bfC\u00f3mo saber que una compra es segura?<br>En la pr\u00e1ctica, puedes reconocer que la transacci\u00f3n que est\u00e1s realizando est\u00e1 protegida por un servidor seguro cuando en su navegador (Chrome, Internet Explorer, Mozilla Firefox, Opera o Safari) aparece una llave o un candado cerrado en la barra de direcciones y este es acompa\u00f1ado del color verde.<\/p>\n\n\n\n<p>Viajes Kyodai s\u00f3lo utilizar\u00e1 sus datos personales para realizar la compra, venta o conformaci\u00f3n de la reserva que solicite o para enviarle informaci\u00f3n de nuestra empresa. La informaci\u00f3n personal que registre en una web se encuentra en un sistema seguro y no est\u00e1 a disponibilidad del p\u00fablico.<br>La informaci\u00f3n personal que recopila KYODAI PER\u00da S.A.C. sobre sus Clientes no ser\u00e1 utilizada para fines distintos de los enunciados.<\/p>\n\n\n\n<p>Compromiso con la Seguridad<br>En relaci\u00f3n a nuestro sitio web (www.kyodai.com.pe\/viajes), KYODAI PER\u00da S.A.C. hace esta declaraci\u00f3n de seguridad y privacidad en orden a demostrar y comunicar su compromiso con una pr\u00e1ctica de negocios de alto nivel \u00e9tico y dotada de los controles internos apropiados.<\/p>\n\n\n\n<p>Informaci\u00f3n requerida del usuario<br>Al realizar una cotizaci\u00f3n de un servicio, se extiende un formulario que solicita a los usuarios informaci\u00f3n como su nombres, correo electr\u00f3nico, documento de identidad y n\u00famero telef\u00f3nico. Esta informaci\u00f3n es usada para responder las consultas acerca de nuestros servicios, para realizar reservas, concretar ventas o para pagar cuentas. Tambi\u00e9n se utiliza para mantener contacto con nuestros Clientes. Bajo ninguna circunstancia, esta informaci\u00f3n es compartida con empresas no relacionadas con terceros.<\/p>\n\n\n\n<p>Captura de informaci\u00f3n de usuarios<br>Nuestro sitio web no captura informaci\u00f3n referente a actividades espec\u00edficas de un usuario particular. Sin embargo, se generan reportes que nos permiten ver la actividad consolidada an\u00f3nima. Usamos \u201ccookies\u201d para seguir su \u201ccarro de compras\u201d y asegurarnos que no vea repetidamente el mismo mensaje publicitario. Usamos \u201ccookies\u201d para enviarle informaci\u00f3n espec\u00edfica referida a sus intereses.<\/p>\n\n\n\n<p>Links con otros sitios<br>Este sitio puede contener \u201clinks\u201d a otros sitios. KYODAI PER\u00da S.A.C no es responsable de las pr\u00e1cticas de seguridad o privacidad, o el contenido de esos sitios. Asimismo, Kyodai no avala ning\u00fan servicio ofrecido en dichos sitios.<\/p>\n\n\n\n<p>Protecci\u00f3n de Datos<br>Nuestro sitio est\u00e1 protegido con una amplia variedad de medidas de seguridad, tales como procedimientos de control de cambios, passwords. Tambi\u00e9n empleamos otros mecanismos para asegurar que los datos que usted proporciona no sean extraviados, mal utilizados o modificados inapropiadamente. Esos controles incluyen pol\u00edticas de confidencialidad y respaldo peri\u00f3dico de bases de datos.<\/p>\n\n\n\n<p>Datos Personales<br>El Usuario dispondr\u00e1 en todo momento de los derechos de informaci\u00f3n, rectificaci\u00f3n y cancelaci\u00f3n de los datos personales conforme a la Ley N\u00ba 29733 sobre Protecci\u00f3n de Datos de car\u00e1cter personal. Asimismo, si desea modificar su informaci\u00f3n personal, lo puede hacer llamando al tel\u00e9fono (511) 706-8434 Opci\u00f3n 4, en horario de atenci\u00f3n (desde las 09:00 hasta las 18:00 horas), o escribiendo un correo electr\u00f3nico a: viajes@kyodai.com.pe<\/p>\n\n\n\n<p>Atentamente,<\/p>\n\n\n\n<p><br>KYODAI PERU S.A.C<\/p>\n","protected":false},"excerpt":{"rendered":"<p>POL\u00cdTICAS DE PRIVACIDAD Y DATOS PERSONALES En KYODAI PERU S.A.C le informamos que, de acuerdo a lo dispuesto por la Ley N\u00b0 29733, Ley de Protecci\u00f3n de Datos Personales, en cumplimiento de lo previsto en el art\u00edculo 10 del Decreto [&hellip;]<\/p>\n","protected":false},"author":1,"featured_media":0,"parent":0,"menu_order":0,"comment_status":"closed","ping_status":"closed","template":"","meta":{"jetpack_post_was_ever_published":false},"yoast_head":"<!-- This site is optimized with the Yoast SEO plugin v20.2.1 - https:\/\/yoast.com\/wordpress\/plugins\/seo\/ -->\n<title>Pol\u00edtica de privacidad - Viajes Kyodai<\/title>\n<meta name=\"robots\" content=\"index, follow, max-snippet:-1, max-image-preview:large, max-video-preview:-1\" \/>\n<link rel=\"canonical\" href=\"https:\/\/kyodai.com.pe\/viajes\/politica-de-privacidad\/\" \/>\n<meta property=\"og:locale\" content=\"es_ES\" \/>\n<meta property=\"og:type\" content=\"article\" \/>\n<meta property=\"og:title\" content=\"Pol\u00edtica de privacidad - Viajes Kyodai\" \/>\n<meta property=\"og:description\" content=\"POL\u00cdTICAS DE PRIVACIDAD Y DATOS PERSONALES En KYODAI PERU S.A.C le informamos que, de acuerdo a lo dispuesto por la Ley N\u00b0 29733, Ley de Protecci\u00f3n de Datos Personales, en cumplimiento de lo previsto en el art\u00edculo 10 del Decreto [&hellip;]\" \/>\n<meta property=\"og:url\" content=\"https:\/\/kyodai.com.pe\/viajes\/politica-de-privacidad\/\" \/>\n<meta property=\"og:site_name\" content=\"Viajes Kyodai\" \/>\n<meta property=\"article:modified_time\" content=\"2023-06-15T21:41:09+00:00\" \/>\n<meta name=\"twitter:card\" content=\"summary_large_image\" \/>\n<meta name=\"twitter:label1\" content=\"Tiempo de lectura\" \/>\n\t<meta name=\"twitter:data1\" content=\"4 minutos\" \/>\n<script type=\"application\/ld+json\" class=\"yoast-schema-graph\">{\"@context\":\"https:\/\/schema.org\",\"@graph\":[{\"@type\":\"WebPage\",\"@id\":\"https:\/\/kyodai.com.pe\/viajes\/politica-de-privacidad\/\",\"url\":\"https:\/\/kyodai.com.pe\/viajes\/politica-de-privacidad\/\",\"name\":\"Pol\u00edtica de privacidad - Viajes Kyodai\",\"isPartOf\":{\"@id\":\"https:\/\/kyodai.com.pe\/viajes\/#website\"},\"datePublished\":\"2019-05-31T16:30:24+00:00\",\"dateModified\":\"2023-06-15T21:41:09+00:00\",\"breadcrumb\":{\"@id\":\"https:\/\/kyodai.com.pe\/viajes\/politica-de-privacidad\/#breadcrumb\"},\"inLanguage\":\"es\",\"potentialAction\":[{\"@type\":\"ReadAction\",\"target\":[\"https:\/\/kyodai.com.pe\/viajes\/politica-de-privacidad\/\"]}]},{\"@type\":\"BreadcrumbList\",\"@id\":\"https:\/\/kyodai.com.pe\/viajes\/politica-de-privacidad\/#breadcrumb\",\"itemListElement\":[{\"@type\":\"ListItem\",\"position\":1,\"name\":\"Portada\",\"item\":\"https:\/\/kyodai.com.pe\/viajes\/\"},{\"@type\":\"ListItem\",\"position\":2,\"name\":\"Pol\u00edtica de privacidad\"}]},{\"@type\":\"WebSite\",\"@id\":\"https:\/\/kyodai.com.pe\/viajes\/#website\",\"url\":\"https:\/\/kyodai.com.pe\/viajes\/\",\"name\":\"Viajes Kyodai\",\"description\":\"\",\"publisher\":{\"@id\":\"https:\/\/kyodai.com.pe\/viajes\/#organization\"},\"potentialAction\":[{\"@type\":\"SearchAction\",\"target\":{\"@type\":\"EntryPoint\",\"urlTemplate\":\"https:\/\/kyodai.com.pe\/viajes\/?s={search_term_string}\"},\"query-input\":\"required name=search_term_string\"}],\"inLanguage\":\"es\"},{\"@type\":\"Organization\",\"@id\":\"https:\/\/kyodai.com.pe\/viajes\/#organization\",\"name\":\"Viajes Kyodai\",\"url\":\"https:\/\/kyodai.com.pe\/viajes\/\",\"logo\":{\"@type\":\"ImageObject\",\"inLanguage\":\"es\",\"@id\":\"https:\/\/kyodai.com.pe\/viajes\/#\/schema\/logo\/image\/\",\"url\":\"https:\/\/kyodai.com.pe\/viajes\/wp-content\/uploads\/2021\/04\/cropped-Logo-web1-2.png\",\"contentUrl\":\"https:\/\/kyodai.com.pe\/viajes\/wp-content\/uploads\/2021\/04\/cropped-Logo-web1-2.png\",\"width\":234,\"height\":70,\"caption\":\"Viajes Kyodai\"},\"image\":{\"@id\":\"https:\/\/kyodai.com.pe\/viajes\/#\/schema\/logo\/image\/\"}}]}<\/script>\n<!-- \/ Yoast SEO plugin. -->","yoast_head_json":{"title":"Pol\u00edtica de privacidad - Viajes Kyodai","robots":{"index":"index","follow":"follow","max-snippet":"max-snippet:-1","max-image-preview":"max-image-preview:large","max-video-preview":"max-video-preview:-1"},"canonical":"https:\/\/kyodai.com.pe\/viajes\/politica-de-privacidad\/","og_locale":"es_ES","og_type":"article","og_title":"Pol\u00edtica de privacidad - Viajes Kyodai","og_description":"POL\u00cdTICAS DE PRIVACIDAD Y DATOS PERSONALES En KYODAI PERU S.A.C le informamos que, de acuerdo a lo dispuesto por la Ley N\u00b0 29733, Ley de Protecci\u00f3n de Datos Personales, en cumplimiento de lo previsto en el art\u00edculo 10 del Decreto [&hellip;]","og_url":"https:\/\/kyodai.com.pe\/viajes\/politica-de-privacidad\/","og_site_name":"Viajes Kyodai","article_modified_time":"2023-06-15T21:41:09+00:00","twitter_card":"summary_large_image","twitter_misc":{"Tiempo de lectura":"4 minutos"},"schema":{"@context":"https:\/\/schema.org","@graph":[{"@type":"WebPage","@id":"https:\/\/kyodai.com.pe\/viajes\/politica-de-privacidad\/","url":"https:\/\/kyodai.com.pe\/viajes\/politica-de-privacidad\/","name":"Pol\u00edtica de privacidad - Viajes Kyodai","isPartOf":{"@id":"https:\/\/kyodai.com.pe\/viajes\/#website"},"datePublished":"2019-05-31T16:30:24+00:00","dateModified":"2023-06-15T21:41:09+00:00","breadcrumb":{"@id":"https:\/\/kyodai.com.pe\/viajes\/politica-de-privacidad\/#breadcrumb"},"inLanguage":"es","potentialAction":[{"@type":"ReadAction","target":["https:\/\/kyodai.com.pe\/viajes\/politica-de-privacidad\/"]}]},{"@type":"BreadcrumbList","@id":"https:\/\/kyodai.com.pe\/viajes\/politica-de-privacidad\/#breadcrumb","itemListElement":[{"@type":"ListItem","position":1,"name":"Portada","item":"https:\/\/kyodai.com.pe\/viajes\/"},{"@type":"ListItem","position":2,"name":"Pol\u00edtica de privacidad"}]},{"@type":"WebSite","@id":"https:\/\/kyodai.com.pe\/viajes\/#website","url":"https:\/\/kyodai.com.pe\/viajes\/","name":"Viajes Kyodai","description":"","publisher":{"@id":"https:\/\/kyodai.com.pe\/viajes\/#organization"},"potentialAction":[{"@type":"SearchAction","target":{"@type":"EntryPoint","urlTemplate":"https:\/\/kyodai.com.pe\/viajes\/?s={search_term_string}"},"query-input":"required name=search_term_string"}],"inLanguage":"es"},{"@type":"Organization","@id":"https:\/\/kyodai.com.pe\/viajes\/#organization","name":"Viajes Kyodai","url":"https:\/\/kyodai.com.pe\/viajes\/","logo":{"@type":"ImageObject","inLanguage":"es","@id":"https:\/\/kyodai.com.pe\/viajes\/#\/schema\/logo\/image\/","url":"https:\/\/kyodai.com.pe\/viajes\/wp-content\/uploads\/2021\/04\/cropped-Logo-web1-2.png","contentUrl":"https:\/\/kyodai.com.pe\/viajes\/wp-content\/uploads\/2021\/04\/cropped-Logo-web1-2.png","width":234,"height":70,"caption":"Viajes Kyodai"},"image":{"@id":"https:\/\/kyodai.com.pe\/viajes\/#\/schema\/logo\/image\/"}}]}},"jetpack_sharing_enabled":true,"jetpack_shortlink":"https:\/\/wp.me\/P9FHgb-mG","_links":{"self":[{"href":"https:\/\/kyodai.com.pe\/viajes\/wp-json\/wp\/v2\/pages\/1406"}],"collection":[{"href":"https:\/\/kyodai.com.pe\/viajes\/wp-json\/wp\/v2\/pages"}],"about":[{"href":"https:\/\/kyodai.com.pe\/viajes\/wp-json\/wp\/v2\/types\/page"}],"author":[{"embeddable":true,"href":"https:\/\/kyodai.com.pe\/viajes\/wp-json\/wp\/v2\/users\/1"}],"replies":[{"embeddable":true,"href":"https:\/\/kyodai.com.pe\/viajes\/wp-json\/wp\/v2\/comments?post=1406"}],"version-history":[{"count":4,"href":"https:\/\/kyodai.com.pe\/viajes\/wp-json\/wp\/v2\/pages\/1406\/revisions"}],"predecessor-version":[{"id":2443,"href":"https:\/\/kyodai.com.pe\/viajes\/wp-json\/wp\/v2\/pages\/1406\/revisions\/2443"}],"wp:attachment":[{"href":"https:\/\/kyodai.com.pe\/viajes\/wp-json\/wp\/v2\/media?parent=1406"}],"curies":[{"name":"wp","href":"https:\/\/api.w.org\/{rel}","templated":true}]}}