{"id":38483,"date":"2023-08-21T18:41:15","date_gmt":"2023-08-21T23:41:15","guid":{"rendered":"https:\/\/kyodai.com.pe\/market\/producto\/te-de-arroz-integral-330ml\/"},"modified":"2024-05-16T12:53:14","modified_gmt":"2024-05-16T17:53:14","slug":"te-de-arroz-integral-330ml","status":"publish","type":"product","link":"https:\/\/kyodai.com.pe\/market\/producto\/te-de-arroz-integral-330ml\/","title":{"rendered":"HIPIECE ECHIZEN T\u00e9 verde Genmaicha Tea 330 ml"},"content":{"rendered":"<p>T\u00e9 verde con arroz integral sin az\u00facar.<\/p>\n","protected":false},"excerpt":{"rendered":"<p>T\u00e9 verde con arroz integral sin az\u00facar.<\/p>\n","protected":false},"author":20,"featured_media":45369,"comment_status":"open","ping_status":"closed","template":"","meta":{"advgb_blocks_editor_width":"","advgb_blocks_columns_visual_guide":""},"product_cat":[16],"product_tag":[],"giftcard-category":[],"aioseo_notices":[],"jetpack_sharing_enabled":true,"featured_img":"https:\/\/kyodai.com.pe\/market\/wp-content\/uploads\/2023\/08\/4940031303328.png","coauthors":[],"author_meta":{"author_link":"https:\/\/kyodai.com.pe\/market\/author\/paulo-hiyagon\/","display_name":"paulo.hiyagon"},"relative_dates":{"created":"Publicado 3 a\u00f1os hace","modified":"Actualizado 2 a\u00f1os hace"},"absolute_dates":{"created":"Publicado el 21\/08\/2023","modified":"Actualizado el 16\/05\/2024"},"absolute_dates_time":{"created":"Publicado el 21\/08\/2023 6:41 pm","modified":"Actualizado el 16\/05\/2024 12:53 pm"},"featured_img_caption":"","tax_additional":{"product_type":{"linked":["<a href=\"https:\/\/kyodai.com.pe\/market\/?taxonomy=product_type&#038;term=simple\" class=\"advgb-post-tax-term\">simple<\/a>"],"unlinked":["<span class=\"advgb-post-tax-term\">simple<\/span>"],"slug":"product_type","name":"Tipo de producto"},"product_visibility":{"linked":["<a href=\"https:\/\/kyodai.com.pe\/market\/?taxonomy=product_visibility&#038;term=outofstock\" class=\"advgb-post-tax-term\">outofstock<\/a>"],"unlinked":["<span class=\"advgb-post-tax-term\">outofstock<\/span>"],"slug":"product_visibility","name":"Visibilidad del producto"},"product_cat":{"linked":["<a href=\"https:\/\/kyodai.com.pe\/market\/categoria-producto\/bebidas\/\" class=\"advgb-post-tax-term\">BEBIDAS<\/a>"],"unlinked":["<span class=\"advgb-post-tax-term\">BEBIDAS<\/span>"],"slug":"product_cat","name":"Categor\u00edas del producto"},"product_tag":{"linked":[],"unlinked":[],"slug":"product_tag","name":"Etiquetas del producto"},"product_shipping_class":{"linked":[],"unlinked":[],"slug":"product_shipping_class","name":"Clases de env\u00edo del producto"},"pa_color_ropa":{"linked":[],"unlinked":[],"slug":"pa_color_ropa","name":"Color del producto"},"pa_grosor-de-la-pasta":{"linked":[],"unlinked":[],"slug":"pa_grosor-de-la-pasta","name":"Grosor de la pasta del producto"},"pa_modelo":{"linked":[],"unlinked":[],"slug":"pa_modelo","name":"Modelo del producto"},"pa_sabor":{"linked":[],"unlinked":[],"slug":"pa_sabor","name":"Sabor del producto"},"pa_talla_ropa":{"linked":[],"unlinked":[],"slug":"pa_talla_ropa","name":"Talla del producto"},"giftcard-category":{"linked":[],"unlinked":[],"slug":"giftcard-category","name":"Categor\u00edas de la tarjeta regalo"}},"series_order":"","_links":{"self":[{"href":"https:\/\/kyodai.com.pe\/market\/wp-json\/wp\/v2\/product\/38483"}],"collection":[{"href":"https:\/\/kyodai.com.pe\/market\/wp-json\/wp\/v2\/product"}],"about":[{"href":"https:\/\/kyodai.com.pe\/market\/wp-json\/wp\/v2\/types\/product"}],"replies":[{"embeddable":true,"href":"https:\/\/kyodai.com.pe\/market\/wp-json\/wp\/v2\/comments?post=38483"}],"wp:featuredmedia":[{"embeddable":true,"href":"https:\/\/kyodai.com.pe\/market\/wp-json\/wp\/v2\/media\/45369"}],"wp:attachment":[{"href":"https:\/\/kyodai.com.pe\/market\/wp-json\/wp\/v2\/media?parent=38483"}],"wp:term":[{"taxonomy":"product_cat","embeddable":true,"href":"https:\/\/kyodai.com.pe\/market\/wp-json\/wp\/v2\/product_cat?post=38483"},{"taxonomy":"product_tag","embeddable":true,"href":"https:\/\/kyodai.com.pe\/market\/wp-json\/wp\/v2\/product_tag?post=38483"},{"taxonomy":"giftcard-category","embeddable":true,"href":"https:\/\/kyodai.com.pe\/market\/wp-json\/wp\/v2\/giftcard-category?post=38483"}],"curies":[{"name":"wp","href":"https:\/\/api.w.org\/{rel}","templated":true}]}}