{"id":36618,"date":"2023-04-21T11:12:36","date_gmt":"2023-04-21T16:12:36","guid":{"rendered":"https:\/\/kyodai.com.pe\/market\/?post_type=product&#038;p=36618"},"modified":"2025-08-11T09:44:04","modified_gmt":"2025-08-11T14:44:04","slug":"matcha-ceremonial-premium-24-sticks","status":"publish","type":"product","link":"https:\/\/kyodai.com.pe\/market\/producto\/matcha-ceremonial-premium-24-sticks\/","title":{"rendered":"T\u00e9 Verde MATCHA KAORI Ceremonial Premium 24 Sticks"},"content":{"rendered":"<p><strong>Matcha Kaori\u00a0Premium 100% natural y\u00a0org\u00e1nico<\/strong><\/p>\n<p>Matcha Kaori Sticks, empacados de origen en Jap\u00f3n, ahora son m\u00e1s faciles de abrir y\u00a0cuentan con certificado org\u00e1nico JAS.<\/p>\n<p>La forma m\u00e1s pura y concentrada del t\u00e9 verde, producido artesanalmente en Jap\u00f3n.<\/p>\n<p>En una c\u00f3moda presentaci\u00f3n en Sticks con la cantidad exacta para una taza, ideal para tu botellita de agua. Matcha to go, ll\u00e9valos\u00a0a todas partes y no te pierdas del delicioso sabor y beneficios que solo Matcha Kaori tiene\u00a0para ti.<\/p>\n<p>Excepcional concentraci\u00f3n de antioxidantes.<\/p>\n<p>Estimula el sistema inmune, mejora el metabolismo, ayuda a bajar de peso, evita la retenci\u00f3n de l\u00edquidos, favorece una buena circulaci\u00f3n y digesti\u00f3n.<\/p>\n<p>Proporciona energ\u00eda sin los efectos negativos del caf\u00e9.<\/p>\n<p>Certificado Org\u00e1nico JAS y Certificado Kosher<\/p>\n<p>Todo\u00a0nuestro t\u00e9 verde Matcha proviene de hoja Tencha de calidad premium.<\/p>\n","protected":false},"excerpt":{"rendered":"<p><strong>Matcha Kaori Premium 100% Org\u00e1nico<\/strong><\/p>\n","protected":false},"author":404,"featured_media":45085,"comment_status":"open","ping_status":"closed","template":"","meta":{"advgb_blocks_editor_width":"","advgb_blocks_columns_visual_guide":""},"product_cat":[194,16,71],"product_tag":[],"giftcard-category":[],"aioseo_notices":[],"jetpack_sharing_enabled":true,"featured_img":"https:\/\/kyodai.com.pe\/market\/wp-content\/uploads\/2023\/08\/sticks.png","coauthors":[],"author_meta":{"author_link":"https:\/\/kyodai.com.pe\/market\/author\/marketing-kyodai\/","display_name":"Marketing Kyodai"},"relative_dates":{"created":"Publicado 3 a\u00f1os hace","modified":"Actualizado 9 meses hace"},"absolute_dates":{"created":"Publicado el 21\/04\/2023","modified":"Actualizado el 11\/08\/2025"},"absolute_dates_time":{"created":"Publicado el 21\/04\/2023 11:12 am","modified":"Actualizado el 11\/08\/2025 9:44 am"},"featured_img_caption":"","tax_additional":{"product_type":{"linked":["<a href=\"https:\/\/kyodai.com.pe\/market\/?taxonomy=product_type&#038;term=simple\" class=\"advgb-post-tax-term\">simple<\/a>"],"unlinked":["<span class=\"advgb-post-tax-term\">simple<\/span>"],"slug":"product_type","name":"Tipo de producto"},"product_visibility":{"linked":["<a href=\"https:\/\/kyodai.com.pe\/market\/?taxonomy=product_visibility&#038;term=outofstock\" class=\"advgb-post-tax-term\">outofstock<\/a>"],"unlinked":["<span class=\"advgb-post-tax-term\">outofstock<\/span>"],"slug":"product_visibility","name":"Visibilidad del producto"},"product_cat":{"linked":["<a href=\"https:\/\/kyodai.com.pe\/market\/categoria-producto\/novedades\/\" class=\"advgb-post-tax-term\">NOVEDADES<\/a>","<a href=\"https:\/\/kyodai.com.pe\/market\/categoria-producto\/bebidas\/\" class=\"advgb-post-tax-term\">BEBIDAS<\/a>","<a href=\"https:\/\/kyodai.com.pe\/market\/categoria-producto\/insumos-orientales\/\" class=\"advgb-post-tax-term\">INSUMOS ORIENTALES<\/a>"],"unlinked":["<span class=\"advgb-post-tax-term\">NOVEDADES<\/span>","<span class=\"advgb-post-tax-term\">BEBIDAS<\/span>","<span class=\"advgb-post-tax-term\">INSUMOS ORIENTALES<\/span>"],"slug":"product_cat","name":"Categor\u00edas del producto"},"product_tag":{"linked":[],"unlinked":[],"slug":"product_tag","name":"Etiquetas del producto"},"product_shipping_class":{"linked":[],"unlinked":[],"slug":"product_shipping_class","name":"Clases de env\u00edo del producto"},"pa_color_ropa":{"linked":[],"unlinked":[],"slug":"pa_color_ropa","name":"Color del producto"},"pa_grosor-de-la-pasta":{"linked":[],"unlinked":[],"slug":"pa_grosor-de-la-pasta","name":"Grosor de la pasta del producto"},"pa_modelo":{"linked":[],"unlinked":[],"slug":"pa_modelo","name":"Modelo del producto"},"pa_sabor":{"linked":[],"unlinked":[],"slug":"pa_sabor","name":"Sabor del producto"},"pa_talla_ropa":{"linked":[],"unlinked":[],"slug":"pa_talla_ropa","name":"Talla del producto"},"giftcard-category":{"linked":[],"unlinked":[],"slug":"giftcard-category","name":"Categor\u00edas de la tarjeta regalo"}},"series_order":"","_links":{"self":[{"href":"https:\/\/kyodai.com.pe\/market\/wp-json\/wp\/v2\/product\/36618"}],"collection":[{"href":"https:\/\/kyodai.com.pe\/market\/wp-json\/wp\/v2\/product"}],"about":[{"href":"https:\/\/kyodai.com.pe\/market\/wp-json\/wp\/v2\/types\/product"}],"replies":[{"embeddable":true,"href":"https:\/\/kyodai.com.pe\/market\/wp-json\/wp\/v2\/comments?post=36618"}],"wp:featuredmedia":[{"embeddable":true,"href":"https:\/\/kyodai.com.pe\/market\/wp-json\/wp\/v2\/media\/45085"}],"wp:attachment":[{"href":"https:\/\/kyodai.com.pe\/market\/wp-json\/wp\/v2\/media?parent=36618"}],"wp:term":[{"taxonomy":"product_cat","embeddable":true,"href":"https:\/\/kyodai.com.pe\/market\/wp-json\/wp\/v2\/product_cat?post=36618"},{"taxonomy":"product_tag","embeddable":true,"href":"https:\/\/kyodai.com.pe\/market\/wp-json\/wp\/v2\/product_tag?post=36618"},{"taxonomy":"giftcard-category","embeddable":true,"href":"https:\/\/kyodai.com.pe\/market\/wp-json\/wp\/v2\/giftcard-category?post=36618"}],"curies":[{"name":"wp","href":"https:\/\/api.w.org\/{rel}","templated":true}]}}