{"id":31529,"date":"2022-12-26T18:43:19","date_gmt":"2022-12-26T23:43:19","guid":{"rendered":"https:\/\/kyodai.com.pe\/market\/producto\/matcha-kaori-premium-lata-35gr\/"},"modified":"2024-06-14T14:45:22","modified_gmt":"2024-06-14T19:45:22","slug":"matcha-kaori-premium-lata-35gr","status":"publish","type":"product","link":"https:\/\/kyodai.com.pe\/market\/producto\/matcha-kaori-premium-lata-35gr\/","title":{"rendered":"MATCHA KAORI T\u00e9 verde Ceremonial Premium Lata 35 gr"},"content":{"rendered":"<p><strong>Matcha Kaori Premium 100% Org\u00e1nico<\/strong><\/p>\n<p>Producido artesanalmente en Jap\u00f3n y empacado de origen.<br \/>\nNueva presentaci\u00f3n Matcha Kaori grado Premium. Sus hojas son seleccionadas a mano, molidas lentamente con molinos de piedra, para obtener un polvo delicado y ultrafino.<\/p>\n<p>La presentaci\u00f3n Premium de Matcha Kaori se presenta en una lujosa lata japonesa que tiene doble tapa para que nuestro delicioso t\u00e9 se conserve fresco y arom\u00e1tico por mayor tiempo.<\/p>\n<p>Incluye la ya tradicional cucharita verde (chasyaku biodegradable) de Matcha Kaori para que obtengas la medida ideal para una porci\u00f3n.<\/p>\n<p>La calidad Premium proviene de las primeras cosechas del a\u00f1o, se distingue de la calidad tradicional porque se obtiene de hojas de mayor calidad, su molido es m\u00e1s prolongado y resulta en un color verde m\u00e1s intenso, un sabor m\u00e1s suave, de aroma siempre herbal y fresco caracter\u00edstico.<\/p>\n<p>El Matcha tiene m\u00e1s antioxidantes que ning\u00fan otro alimento, as\u00ed que disfr\u00fatalo cada d\u00eda y si\u00e9ntete revitalizado en cada sorbo.<\/p>\n<p>El principal antioxidante en el T\u00e9 Verde Matcha (Camellia Sinensis) son las Catequinas Epigallocatechin-3-gallate (EGCG), entre 200 y 300mg por porci\u00f3n**Biochem Pharmacol. 2011 Dec 15;82 (12):1807-21<\/p>\n<p>Todo nuestro t\u00e9 verde Matcha proviene de hoja Tencha de calidad premium.<\/p>\n","protected":false},"excerpt":{"rendered":"<p><strong>Matcha Kaori Premium 100% Org\u00e1nico<\/strong><\/p>\n","protected":false},"author":20,"featured_media":35177,"comment_status":"open","ping_status":"closed","template":"","meta":{"advgb_blocks_editor_width":"","advgb_blocks_columns_visual_guide":""},"product_cat":[16,71,194],"product_tag":[],"giftcard-category":[],"aioseo_notices":[],"jetpack_sharing_enabled":true,"featured_img":"https:\/\/kyodai.com.pe\/market\/wp-content\/uploads\/2022\/12\/4582509940118-01-scaled.jpg","coauthors":[],"author_meta":{"author_link":"https:\/\/kyodai.com.pe\/market\/author\/paulo-hiyagon\/","display_name":"paulo.hiyagon"},"relative_dates":{"created":"Publicado 3 a\u00f1os hace","modified":"Actualizado 2 a\u00f1os hace"},"absolute_dates":{"created":"Publicado el 26\/12\/2022","modified":"Actualizado el 14\/06\/2024"},"absolute_dates_time":{"created":"Publicado el 26\/12\/2022 6:43 pm","modified":"Actualizado el 14\/06\/2024 2:45 pm"},"featured_img_caption":"","tax_additional":{"product_type":{"linked":["<a href=\"https:\/\/kyodai.com.pe\/market\/?taxonomy=product_type&#038;term=simple\" class=\"advgb-post-tax-term\">simple<\/a>"],"unlinked":["<span class=\"advgb-post-tax-term\">simple<\/span>"],"slug":"product_type","name":"Tipo de producto"},"product_visibility":{"linked":["<a href=\"https:\/\/kyodai.com.pe\/market\/?taxonomy=product_visibility&#038;term=outofstock\" class=\"advgb-post-tax-term\">outofstock<\/a>"],"unlinked":["<span class=\"advgb-post-tax-term\">outofstock<\/span>"],"slug":"product_visibility","name":"Visibilidad del producto"},"product_cat":{"linked":["<a href=\"https:\/\/kyodai.com.pe\/market\/categoria-producto\/bebidas\/\" class=\"advgb-post-tax-term\">BEBIDAS<\/a>","<a href=\"https:\/\/kyodai.com.pe\/market\/categoria-producto\/insumos-orientales\/\" class=\"advgb-post-tax-term\">INSUMOS ORIENTALES<\/a>","<a href=\"https:\/\/kyodai.com.pe\/market\/categoria-producto\/novedades\/\" class=\"advgb-post-tax-term\">NOVEDADES<\/a>"],"unlinked":["<span class=\"advgb-post-tax-term\">BEBIDAS<\/span>","<span class=\"advgb-post-tax-term\">INSUMOS ORIENTALES<\/span>","<span class=\"advgb-post-tax-term\">NOVEDADES<\/span>"],"slug":"product_cat","name":"Categor\u00edas del producto"},"product_tag":{"linked":[],"unlinked":[],"slug":"product_tag","name":"Etiquetas del producto"},"product_shipping_class":{"linked":[],"unlinked":[],"slug":"product_shipping_class","name":"Clases de env\u00edo del producto"},"pa_color_ropa":{"linked":[],"unlinked":[],"slug":"pa_color_ropa","name":"Color del producto"},"pa_grosor-de-la-pasta":{"linked":[],"unlinked":[],"slug":"pa_grosor-de-la-pasta","name":"Grosor de la pasta del producto"},"pa_modelo":{"linked":[],"unlinked":[],"slug":"pa_modelo","name":"Modelo del producto"},"pa_sabor":{"linked":[],"unlinked":[],"slug":"pa_sabor","name":"Sabor del producto"},"pa_talla_ropa":{"linked":[],"unlinked":[],"slug":"pa_talla_ropa","name":"Talla del producto"},"giftcard-category":{"linked":[],"unlinked":[],"slug":"giftcard-category","name":"Categor\u00edas de la tarjeta regalo"}},"series_order":"","_links":{"self":[{"href":"https:\/\/kyodai.com.pe\/market\/wp-json\/wp\/v2\/product\/31529"}],"collection":[{"href":"https:\/\/kyodai.com.pe\/market\/wp-json\/wp\/v2\/product"}],"about":[{"href":"https:\/\/kyodai.com.pe\/market\/wp-json\/wp\/v2\/types\/product"}],"replies":[{"embeddable":true,"href":"https:\/\/kyodai.com.pe\/market\/wp-json\/wp\/v2\/comments?post=31529"}],"wp:featuredmedia":[{"embeddable":true,"href":"https:\/\/kyodai.com.pe\/market\/wp-json\/wp\/v2\/media\/35177"}],"wp:attachment":[{"href":"https:\/\/kyodai.com.pe\/market\/wp-json\/wp\/v2\/media?parent=31529"}],"wp:term":[{"taxonomy":"product_cat","embeddable":true,"href":"https:\/\/kyodai.com.pe\/market\/wp-json\/wp\/v2\/product_cat?post=31529"},{"taxonomy":"product_tag","embeddable":true,"href":"https:\/\/kyodai.com.pe\/market\/wp-json\/wp\/v2\/product_tag?post=31529"},{"taxonomy":"giftcard-category","embeddable":true,"href":"https:\/\/kyodai.com.pe\/market\/wp-json\/wp\/v2\/giftcard-category?post=31529"}],"curies":[{"name":"wp","href":"https:\/\/api.w.org\/{rel}","templated":true}]}}