{"id":20438,"date":"2020-11-16T17:00:20","date_gmt":"2020-11-16T22:00:20","guid":{"rendered":"https:\/\/kyodai.com.pe\/market\/?post_type=product&#038;p=20438"},"modified":"2025-06-04T18:13:48","modified_gmt":"2025-06-04T23:13:48","slug":"ucc-milk-coffee-can-337-ml","status":"publish","type":"product","link":"https:\/\/kyodai.com.pe\/market\/producto\/ucc-milk-coffee-can-337-ml\/","title":{"rendered":"Caf\u00e9 UCC with Milk 337 ml"},"content":{"rendered":"<p>Bebida de caf\u00e9 lista para tomar, combinando caf\u00e9 de alta calidad con leche cremosa.<\/p>\n","protected":false},"excerpt":{"rendered":"<p>Caf\u00e9 con leche.<\/p>\n","protected":false},"author":20,"featured_media":14814,"comment_status":"closed","ping_status":"closed","template":"","meta":{"advgb_blocks_editor_width":"","advgb_blocks_columns_visual_guide":""},"product_cat":[16],"product_tag":[],"giftcard-category":[],"aioseo_notices":[],"jetpack_sharing_enabled":true,"featured_img":"https:\/\/kyodai.com.pe\/market\/wp-content\/uploads\/2020\/05\/850003171012.jpg","coauthors":[],"author_meta":{"author_link":"https:\/\/kyodai.com.pe\/market\/author\/paulo-hiyagon\/","display_name":"paulo.hiyagon"},"relative_dates":{"created":"Publicado 5 a\u00f1os hace","modified":"Actualizado 11 meses hace"},"absolute_dates":{"created":"Publicado el 16\/11\/2020","modified":"Actualizado el 04\/06\/2025"},"absolute_dates_time":{"created":"Publicado el 16\/11\/2020 5:00 pm","modified":"Actualizado el 04\/06\/2025 6:13 pm"},"featured_img_caption":"","tax_additional":{"product_type":{"linked":["<a href=\"https:\/\/kyodai.com.pe\/market\/?taxonomy=product_type&#038;term=simple\" class=\"advgb-post-tax-term\">simple<\/a>"],"unlinked":["<span class=\"advgb-post-tax-term\">simple<\/span>"],"slug":"product_type","name":"Tipo de producto"},"product_visibility":{"linked":[],"unlinked":[],"slug":"product_visibility","name":"Visibilidad del producto"},"product_cat":{"linked":["<a href=\"https:\/\/kyodai.com.pe\/market\/categoria-producto\/bebidas\/\" class=\"advgb-post-tax-term\">BEBIDAS<\/a>"],"unlinked":["<span class=\"advgb-post-tax-term\">BEBIDAS<\/span>"],"slug":"product_cat","name":"Categor\u00edas del producto"},"product_tag":{"linked":[],"unlinked":[],"slug":"product_tag","name":"Etiquetas del producto"},"product_shipping_class":{"linked":[],"unlinked":[],"slug":"product_shipping_class","name":"Clases de env\u00edo del producto"},"pa_color_ropa":{"linked":[],"unlinked":[],"slug":"pa_color_ropa","name":"Color del producto"},"pa_grosor-de-la-pasta":{"linked":[],"unlinked":[],"slug":"pa_grosor-de-la-pasta","name":"Grosor de la pasta del producto"},"pa_modelo":{"linked":[],"unlinked":[],"slug":"pa_modelo","name":"Modelo del producto"},"pa_sabor":{"linked":[],"unlinked":[],"slug":"pa_sabor","name":"Sabor del producto"},"pa_talla_ropa":{"linked":[],"unlinked":[],"slug":"pa_talla_ropa","name":"Talla del producto"},"giftcard-category":{"linked":[],"unlinked":[],"slug":"giftcard-category","name":"Categor\u00edas de la tarjeta regalo"}},"series_order":"","_links":{"self":[{"href":"https:\/\/kyodai.com.pe\/market\/wp-json\/wp\/v2\/product\/20438"}],"collection":[{"href":"https:\/\/kyodai.com.pe\/market\/wp-json\/wp\/v2\/product"}],"about":[{"href":"https:\/\/kyodai.com.pe\/market\/wp-json\/wp\/v2\/types\/product"}],"replies":[{"embeddable":true,"href":"https:\/\/kyodai.com.pe\/market\/wp-json\/wp\/v2\/comments?post=20438"}],"wp:featuredmedia":[{"embeddable":true,"href":"https:\/\/kyodai.com.pe\/market\/wp-json\/wp\/v2\/media\/14814"}],"wp:attachment":[{"href":"https:\/\/kyodai.com.pe\/market\/wp-json\/wp\/v2\/media?parent=20438"}],"wp:term":[{"taxonomy":"product_cat","embeddable":true,"href":"https:\/\/kyodai.com.pe\/market\/wp-json\/wp\/v2\/product_cat?post=20438"},{"taxonomy":"product_tag","embeddable":true,"href":"https:\/\/kyodai.com.pe\/market\/wp-json\/wp\/v2\/product_tag?post=20438"},{"taxonomy":"giftcard-category","embeddable":true,"href":"https:\/\/kyodai.com.pe\/market\/wp-json\/wp\/v2\/giftcard-category?post=20438"}],"curies":[{"name":"wp","href":"https:\/\/api.w.org\/{rel}","templated":true}]}}