{"id":18682,"date":"2020-08-08T14:05:31","date_gmt":"2020-08-08T19:05:31","guid":{"rendered":"https:\/\/kyodai.com.pe\/market\/?post_type=product&#038;p=18682"},"modified":"2024-11-26T15:16:39","modified_gmt":"2024-11-26T20:16:39","slug":"la-pasta-fideo-frito-en-cajita-250-gr-delgado","status":"publish","type":"product","link":"https:\/\/kyodai.com.pe\/market\/producto\/la-pasta-fideo-frito-en-cajita-250-gr-delgado\/","title":{"rendered":"LA PASTA Fideo Frito Delgado en Caja 250 gr"},"content":{"rendered":"<p>Presentaci\u00f3n: 250gr.<br \/>\nIngredientes: Harina de Trigo Fortificada, Hierro, Vitamina B1 (Tiamina), Vitamina B2 (Rivoflavina), Huevos Frescos, Agua, sal y Grasas Vegetales.<\/p>\n","protected":false},"excerpt":{"rendered":"<p>Fideo al huevo, se utiliza para el tradicional sukiyaki, sob\u00e1 japon\u00e9s, tallar\u00edn saltado etc. Libre de Oct\u00f3gonos.<\/p>\n","protected":false},"author":20,"featured_media":17604,"comment_status":"open","ping_status":"closed","template":"","meta":{"advgb_blocks_editor_width":"","advgb_blocks_columns_visual_guide":""},"product_cat":[71],"product_tag":[],"giftcard-category":[],"aioseo_notices":[],"jetpack_sharing_enabled":true,"featured_img":"https:\/\/kyodai.com.pe\/market\/wp-content\/uploads\/2020\/06\/7756160306294_DELGADO.jpg","coauthors":[],"author_meta":{"author_link":"https:\/\/kyodai.com.pe\/market\/author\/paulo-hiyagon\/","display_name":"paulo.hiyagon"},"relative_dates":{"created":"Publicado 6 a\u00f1os hace","modified":"Actualizado 1 a\u00f1o hace"},"absolute_dates":{"created":"Publicado el 08\/08\/2020","modified":"Actualizado el 26\/11\/2024"},"absolute_dates_time":{"created":"Publicado el 08\/08\/2020 2:05 pm","modified":"Actualizado el 26\/11\/2024 3:16 pm"},"featured_img_caption":"","tax_additional":{"product_type":{"linked":["<a href=\"https:\/\/kyodai.com.pe\/market\/?taxonomy=product_type&#038;term=simple\" class=\"advgb-post-tax-term\">simple<\/a>"],"unlinked":["<span class=\"advgb-post-tax-term\">simple<\/span>"],"slug":"product_type","name":"Tipo de producto"},"product_visibility":{"linked":["<a href=\"https:\/\/kyodai.com.pe\/market\/?taxonomy=product_visibility&#038;term=outofstock\" class=\"advgb-post-tax-term\">outofstock<\/a>"],"unlinked":["<span class=\"advgb-post-tax-term\">outofstock<\/span>"],"slug":"product_visibility","name":"Visibilidad del producto"},"product_cat":{"linked":["<a href=\"https:\/\/kyodai.com.pe\/market\/categoria-producto\/insumos-orientales\/\" class=\"advgb-post-tax-term\">INSUMOS ORIENTALES<\/a>"],"unlinked":["<span class=\"advgb-post-tax-term\">INSUMOS ORIENTALES<\/span>"],"slug":"product_cat","name":"Categor\u00edas del producto"},"product_tag":{"linked":[],"unlinked":[],"slug":"product_tag","name":"Etiquetas del producto"},"product_shipping_class":{"linked":[],"unlinked":[],"slug":"product_shipping_class","name":"Clases de env\u00edo del producto"},"pa_color_ropa":{"linked":[],"unlinked":[],"slug":"pa_color_ropa","name":"Color del producto"},"pa_grosor-de-la-pasta":{"linked":["<a href=\"https:\/\/kyodai.com.pe\/market\/?taxonomy=pa_grosor-de-la-pasta&#038;term=cinta\" class=\"advgb-post-tax-term\">Cinta<\/a>","<a href=\"https:\/\/kyodai.com.pe\/market\/?taxonomy=pa_grosor-de-la-pasta&#038;term=delgado\" class=\"advgb-post-tax-term\">Delgado<\/a>"],"unlinked":["<span class=\"advgb-post-tax-term\">Cinta<\/span>","<span class=\"advgb-post-tax-term\">Delgado<\/span>"],"slug":"pa_grosor-de-la-pasta","name":"Grosor de la pasta del producto"},"pa_modelo":{"linked":[],"unlinked":[],"slug":"pa_modelo","name":"Modelo del producto"},"pa_sabor":{"linked":[],"unlinked":[],"slug":"pa_sabor","name":"Sabor del producto"},"pa_talla_ropa":{"linked":[],"unlinked":[],"slug":"pa_talla_ropa","name":"Talla del producto"},"giftcard-category":{"linked":[],"unlinked":[],"slug":"giftcard-category","name":"Categor\u00edas de la tarjeta regalo"}},"series_order":"","_links":{"self":[{"href":"https:\/\/kyodai.com.pe\/market\/wp-json\/wp\/v2\/product\/18682"}],"collection":[{"href":"https:\/\/kyodai.com.pe\/market\/wp-json\/wp\/v2\/product"}],"about":[{"href":"https:\/\/kyodai.com.pe\/market\/wp-json\/wp\/v2\/types\/product"}],"replies":[{"embeddable":true,"href":"https:\/\/kyodai.com.pe\/market\/wp-json\/wp\/v2\/comments?post=18682"}],"wp:featuredmedia":[{"embeddable":true,"href":"https:\/\/kyodai.com.pe\/market\/wp-json\/wp\/v2\/media\/17604"}],"wp:attachment":[{"href":"https:\/\/kyodai.com.pe\/market\/wp-json\/wp\/v2\/media?parent=18682"}],"wp:term":[{"taxonomy":"product_cat","embeddable":true,"href":"https:\/\/kyodai.com.pe\/market\/wp-json\/wp\/v2\/product_cat?post=18682"},{"taxonomy":"product_tag","embeddable":true,"href":"https:\/\/kyodai.com.pe\/market\/wp-json\/wp\/v2\/product_tag?post=18682"},{"taxonomy":"giftcard-category","embeddable":true,"href":"https:\/\/kyodai.com.pe\/market\/wp-json\/wp\/v2\/giftcard-category?post=18682"}],"curies":[{"name":"wp","href":"https:\/\/api.w.org\/{rel}","templated":true}]}}