{"id":16256,"date":"2020-06-03T23:26:43","date_gmt":"2020-06-04T04:26:43","guid":{"rendered":"https:\/\/kyodai.com.pe\/market\/producto\/instant-comfort-fluido-hidratante-40-ml\/"},"modified":"2023-12-30T15:28:31","modified_gmt":"2023-12-30T20:28:31","slug":"instant-comfort-fluido-hidratante-40-ml","status":"publish","type":"product","link":"https:\/\/kyodai.com.pe\/market\/producto\/instant-comfort-fluido-hidratante-40-ml\/","title":{"rendered":"Instant Comfort Fluido Hidratante 40 ml"},"content":{"rendered":"<p>Producto Franc\u00e9s con m\u00e1s de 25 a\u00f1os de experiencia en la industria farmac\u00e9utica y dermocosm\u00e9tica proporciona productos innovadores, adaptados a la dermatolog\u00eda, est\u00e9tica o cirug\u00eda y que ofrecen protecci\u00f3n, comodidad, tolerancia y luminosidad de la piel.<br \/>\nAcci\u00f3n instant\u00e1nea de hidrataci\u00f3n y anti-inflamatoria que proporciona suavidad  regenerando y reparando los elementos del tejido de la piel.<br \/>\nPropiedades:<br \/>\nLa contaminaci\u00f3n, el estr\u00e9s y los rayos solares, perturban la actividad celular de la piel, produciendo que la piel se deshidrate, se vuelve tirante, provoque malestar y pierde resplandor.<br \/>\nLa Glicerina Vegetal permite a la piel c\u00f3mo poner en marcha de nuevo sus capacidades naturales de hidrataci\u00f3n y el Enoxolone que reduce la inflamaci\u00f3n como el eczema at\u00f3pico, el eritema solar, la dermatitis seborreica y algunas picaduras de insectos.<br \/>\nNo contiene alcohol, no tiene perfumes y sin parafina.<br \/>\nModo de Uso:<br \/>\nAplicar diariamente en la zona a tratar despu\u00e9s del ba\u00f1o o la ducha. Masajear suavemente mediante movimientos circulares hasta la completa absorci\u00f3n del producto.<br \/>\nMa\u00f1ana y noche \u2013 7 d\u00edas de la semana<br \/>\nAplique el Hidratante Comfort Fluido por la ma\u00f1ana y\/o por la noche en la cara y el cuello, despu\u00e9s de una limpieza precisa con el Agua Micelar Instant Demake<br \/>\nImportante de usar productos de protecci\u00f3n solar durante el d\u00eda por el nivel de radiaci\u00f3n en el Per\u00fa.<\/p>\n","protected":false},"excerpt":{"rendered":"<p>Acci\u00f3n instant\u00e1nea de hidrataci\u00f3n y anti-inflamatoria que proporciona suavidad regenerando y reparando los elementos del tejido de la piel.<br \/>\nProducto Franc\u00e9s<\/p>\n","protected":false},"author":20,"featured_media":16205,"comment_status":"open","ping_status":"closed","template":"","meta":{"advgb_blocks_editor_width":"","advgb_blocks_columns_visual_guide":""},"product_cat":[72,75],"product_tag":[],"giftcard-category":[],"aioseo_notices":[],"jetpack_sharing_enabled":true,"featured_img":"https:\/\/kyodai.com.pe\/market\/wp-content\/uploads\/2020\/06\/3401397284993.jpg","coauthors":[],"author_meta":{"author_link":"https:\/\/kyodai.com.pe\/market\/author\/paulo-hiyagon\/","display_name":"paulo.hiyagon"},"relative_dates":{"created":"Publicado 6 a\u00f1os hace","modified":"Actualizado 2 a\u00f1os hace"},"absolute_dates":{"created":"Publicado el 03\/06\/2020","modified":"Actualizado el 30\/12\/2023"},"absolute_dates_time":{"created":"Publicado el 03\/06\/2020 11:26 pm","modified":"Actualizado el 30\/12\/2023 3:28 pm"},"featured_img_caption":"","tax_additional":{"product_type":{"linked":["<a href=\"https:\/\/kyodai.com.pe\/market\/?taxonomy=product_type&#038;term=simple\" class=\"advgb-post-tax-term\">simple<\/a>"],"unlinked":["<span class=\"advgb-post-tax-term\">simple<\/span>"],"slug":"product_type","name":"Tipo de producto"},"product_visibility":{"linked":["<a href=\"https:\/\/kyodai.com.pe\/market\/?taxonomy=product_visibility&#038;term=exclude-from-catalog\" class=\"advgb-post-tax-term\">exclude-from-catalog<\/a>","<a href=\"https:\/\/kyodai.com.pe\/market\/?taxonomy=product_visibility&#038;term=exclude-from-search\" class=\"advgb-post-tax-term\">exclude-from-search<\/a>","<a href=\"https:\/\/kyodai.com.pe\/market\/?taxonomy=product_visibility&#038;term=outofstock\" class=\"advgb-post-tax-term\">outofstock<\/a>"],"unlinked":["<span class=\"advgb-post-tax-term\">exclude-from-catalog<\/span>","<span class=\"advgb-post-tax-term\">exclude-from-search<\/span>","<span class=\"advgb-post-tax-term\">outofstock<\/span>"],"slug":"product_visibility","name":"Visibilidad del producto"},"product_cat":{"linked":["<a href=\"https:\/\/kyodai.com.pe\/market\/categoria-producto\/cuidado-personal\/\" class=\"advgb-post-tax-term\">CUIDADO PERSONAL<\/a>","<a href=\"https:\/\/kyodai.com.pe\/market\/categoria-producto\/cuidado-personal\/cuidad-de-la-piel\/\" class=\"advgb-post-tax-term\">CUIDADO DE LA PIEL<\/a>"],"unlinked":["<span class=\"advgb-post-tax-term\">CUIDADO PERSONAL<\/span>","<span class=\"advgb-post-tax-term\">CUIDADO DE LA PIEL<\/span>"],"slug":"product_cat","name":"Categor\u00edas del producto"},"product_tag":{"linked":[],"unlinked":[],"slug":"product_tag","name":"Etiquetas del producto"},"product_shipping_class":{"linked":[],"unlinked":[],"slug":"product_shipping_class","name":"Clases de env\u00edo del producto"},"pa_color_ropa":{"linked":[],"unlinked":[],"slug":"pa_color_ropa","name":"Color del producto"},"pa_grosor-de-la-pasta":{"linked":[],"unlinked":[],"slug":"pa_grosor-de-la-pasta","name":"Grosor de la pasta del producto"},"pa_modelo":{"linked":[],"unlinked":[],"slug":"pa_modelo","name":"Modelo del producto"},"pa_sabor":{"linked":[],"unlinked":[],"slug":"pa_sabor","name":"Sabor del producto"},"pa_talla_ropa":{"linked":[],"unlinked":[],"slug":"pa_talla_ropa","name":"Talla del producto"},"giftcard-category":{"linked":[],"unlinked":[],"slug":"giftcard-category","name":"Categor\u00edas de la tarjeta regalo"}},"series_order":"","_links":{"self":[{"href":"https:\/\/kyodai.com.pe\/market\/wp-json\/wp\/v2\/product\/16256"}],"collection":[{"href":"https:\/\/kyodai.com.pe\/market\/wp-json\/wp\/v2\/product"}],"about":[{"href":"https:\/\/kyodai.com.pe\/market\/wp-json\/wp\/v2\/types\/product"}],"replies":[{"embeddable":true,"href":"https:\/\/kyodai.com.pe\/market\/wp-json\/wp\/v2\/comments?post=16256"}],"wp:featuredmedia":[{"embeddable":true,"href":"https:\/\/kyodai.com.pe\/market\/wp-json\/wp\/v2\/media\/16205"}],"wp:attachment":[{"href":"https:\/\/kyodai.com.pe\/market\/wp-json\/wp\/v2\/media?parent=16256"}],"wp:term":[{"taxonomy":"product_cat","embeddable":true,"href":"https:\/\/kyodai.com.pe\/market\/wp-json\/wp\/v2\/product_cat?post=16256"},{"taxonomy":"product_tag","embeddable":true,"href":"https:\/\/kyodai.com.pe\/market\/wp-json\/wp\/v2\/product_tag?post=16256"},{"taxonomy":"giftcard-category","embeddable":true,"href":"https:\/\/kyodai.com.pe\/market\/wp-json\/wp\/v2\/giftcard-category?post=16256"}],"curies":[{"name":"wp","href":"https:\/\/api.w.org\/{rel}","templated":true}]}}