{"id":16255,"date":"2020-06-03T23:26:43","date_gmt":"2020-06-04T04:26:43","guid":{"rendered":"https:\/\/kyodai.com.pe\/market\/producto\/agua-micelar-anti-contaminacion-instant-demake-polucion-250-ml\/"},"modified":"2023-12-30T15:28:30","modified_gmt":"2023-12-30T20:28:30","slug":"agua-micelar-anti-contaminacion-instant-demake-polucion-250-ml","status":"publish","type":"product","link":"https:\/\/kyodai.com.pe\/market\/producto\/agua-micelar-anti-contaminacion-instant-demake-polucion-250-ml\/","title":{"rendered":"Agua Micelar Anti-Contaminaci\u00f3n Instant Demake Poluci\u00f3n 250 ml"},"content":{"rendered":"<p>Producto Franc\u00e9s con m\u00e1s de 25 a\u00f1os de experiencia en la industria farmac\u00e9utica y dermocosm\u00e9tica proporciona productos innovadores, adaptados a la dermatolog\u00eda, est\u00e9tica o cirug\u00eda y que ofrecen protecci\u00f3n, comodidad, tolerancia y luminosidad de la piel.<br \/>\nAgua Micelar limpiadora suave y efectiva que remueve de forma efectiva todo el maquillaje para ojos y cara soluble al agua, sin irritar o alterar la barrera de humedad natural de la piel.<br \/>\nLa contaminaci\u00f3n del aire es directamente responsables de muchos trastornos de la piel produciendo el envejecimiento prematuro, espinillas y empeorando la sensibilidad de la piel.<br \/>\nPropiedades:<br \/>\nEl Agua Micelar &#8211; Instant Demake Poluci\u00f3n Defensa PM2.5 &#8211; es una soluci\u00f3n calmante que tiene el \u00abComplejo Pollugard\u00bb que permite que las toxinas sean m\u00e1s hidrosolubles y se elimine de forma f\u00e1cil y natural.<br \/>\nEs un removedor de maquillaje, limpiador y t\u00f3nico efectivo pero extra suave por el contenido de Glicerina Vegetal para una hidrataci\u00f3n de la piel.<br \/>\nNo contiene alcohol, no tiene perfumes y sin parafina.<br \/>\nEs r\u00e1pido y sencillo de usar, ayuda a preparar su piel para su producto de tratamiento y ha sido testeado y probado para ser compatible con piel y ojos sensibles.<br \/>\nLa piel se siente limpia y aliviada, con sensaci\u00f3n de suavidad y preparada para los productos de cuidado.<br \/>\nModo de Uso:<br \/>\nSe utiliza en la ma\u00f1ana y en la noche.<br \/>\nAplica en un algod\u00f3n. Frote suave y gentilmente sobre el rostro.<br \/>\nUtilizar un algod\u00f3n nuevo para cada aplicaci\u00f3n.<br \/>\nRepetir este tratamiento hasta que el algod\u00f3n salga limpio.<br \/>\nSin Enjuague<br \/>\nAplicar luego los productos de cuidado adecuados.<br \/>\nImportante de usar productos de protecci\u00f3n solar durante el d\u00eda por el nivel de radiaci\u00f3n en el Per\u00fa.<\/p>\n","protected":false},"excerpt":{"rendered":"<p>Agua Micelar limpiadora suave y efectiva que remueve de forma efectiva.<br \/>\nProducto Franc\u00e9s<\/p>\n","protected":false},"author":20,"featured_media":16198,"comment_status":"open","ping_status":"closed","template":"","meta":{"advgb_blocks_editor_width":"","advgb_blocks_columns_visual_guide":""},"product_cat":[75,72],"product_tag":[],"giftcard-category":[],"aioseo_notices":[],"jetpack_sharing_enabled":true,"featured_img":"https:\/\/kyodai.com.pe\/market\/wp-content\/uploads\/2020\/06\/3401360268906.jpg","coauthors":[],"author_meta":{"author_link":"https:\/\/kyodai.com.pe\/market\/author\/paulo-hiyagon\/","display_name":"paulo.hiyagon"},"relative_dates":{"created":"Publicado 6 a\u00f1os hace","modified":"Actualizado 2 a\u00f1os hace"},"absolute_dates":{"created":"Publicado el 03\/06\/2020","modified":"Actualizado el 30\/12\/2023"},"absolute_dates_time":{"created":"Publicado el 03\/06\/2020 11:26 pm","modified":"Actualizado el 30\/12\/2023 3:28 pm"},"featured_img_caption":"","tax_additional":{"product_type":{"linked":["<a href=\"https:\/\/kyodai.com.pe\/market\/?taxonomy=product_type&#038;term=simple\" class=\"advgb-post-tax-term\">simple<\/a>"],"unlinked":["<span class=\"advgb-post-tax-term\">simple<\/span>"],"slug":"product_type","name":"Tipo de producto"},"product_visibility":{"linked":["<a href=\"https:\/\/kyodai.com.pe\/market\/?taxonomy=product_visibility&#038;term=exclude-from-catalog\" class=\"advgb-post-tax-term\">exclude-from-catalog<\/a>","<a href=\"https:\/\/kyodai.com.pe\/market\/?taxonomy=product_visibility&#038;term=exclude-from-search\" class=\"advgb-post-tax-term\">exclude-from-search<\/a>","<a href=\"https:\/\/kyodai.com.pe\/market\/?taxonomy=product_visibility&#038;term=outofstock\" class=\"advgb-post-tax-term\">outofstock<\/a>"],"unlinked":["<span class=\"advgb-post-tax-term\">exclude-from-catalog<\/span>","<span class=\"advgb-post-tax-term\">exclude-from-search<\/span>","<span class=\"advgb-post-tax-term\">outofstock<\/span>"],"slug":"product_visibility","name":"Visibilidad del producto"},"product_cat":{"linked":["<a href=\"https:\/\/kyodai.com.pe\/market\/categoria-producto\/cuidado-personal\/cuidad-de-la-piel\/\" class=\"advgb-post-tax-term\">CUIDADO DE LA PIEL<\/a>","<a href=\"https:\/\/kyodai.com.pe\/market\/categoria-producto\/cuidado-personal\/\" class=\"advgb-post-tax-term\">CUIDADO PERSONAL<\/a>"],"unlinked":["<span class=\"advgb-post-tax-term\">CUIDADO DE LA PIEL<\/span>","<span class=\"advgb-post-tax-term\">CUIDADO PERSONAL<\/span>"],"slug":"product_cat","name":"Categor\u00edas del producto"},"product_tag":{"linked":[],"unlinked":[],"slug":"product_tag","name":"Etiquetas del producto"},"product_shipping_class":{"linked":[],"unlinked":[],"slug":"product_shipping_class","name":"Clases de env\u00edo del producto"},"pa_color_ropa":{"linked":[],"unlinked":[],"slug":"pa_color_ropa","name":"Color del producto"},"pa_grosor-de-la-pasta":{"linked":[],"unlinked":[],"slug":"pa_grosor-de-la-pasta","name":"Grosor de la pasta del producto"},"pa_modelo":{"linked":[],"unlinked":[],"slug":"pa_modelo","name":"Modelo del producto"},"pa_sabor":{"linked":[],"unlinked":[],"slug":"pa_sabor","name":"Sabor del producto"},"pa_talla_ropa":{"linked":[],"unlinked":[],"slug":"pa_talla_ropa","name":"Talla del producto"},"giftcard-category":{"linked":[],"unlinked":[],"slug":"giftcard-category","name":"Categor\u00edas de la tarjeta regalo"}},"series_order":"","_links":{"self":[{"href":"https:\/\/kyodai.com.pe\/market\/wp-json\/wp\/v2\/product\/16255"}],"collection":[{"href":"https:\/\/kyodai.com.pe\/market\/wp-json\/wp\/v2\/product"}],"about":[{"href":"https:\/\/kyodai.com.pe\/market\/wp-json\/wp\/v2\/types\/product"}],"replies":[{"embeddable":true,"href":"https:\/\/kyodai.com.pe\/market\/wp-json\/wp\/v2\/comments?post=16255"}],"wp:featuredmedia":[{"embeddable":true,"href":"https:\/\/kyodai.com.pe\/market\/wp-json\/wp\/v2\/media\/16198"}],"wp:attachment":[{"href":"https:\/\/kyodai.com.pe\/market\/wp-json\/wp\/v2\/media?parent=16255"}],"wp:term":[{"taxonomy":"product_cat","embeddable":true,"href":"https:\/\/kyodai.com.pe\/market\/wp-json\/wp\/v2\/product_cat?post=16255"},{"taxonomy":"product_tag","embeddable":true,"href":"https:\/\/kyodai.com.pe\/market\/wp-json\/wp\/v2\/product_tag?post=16255"},{"taxonomy":"giftcard-category","embeddable":true,"href":"https:\/\/kyodai.com.pe\/market\/wp-json\/wp\/v2\/giftcard-category?post=16255"}],"curies":[{"name":"wp","href":"https:\/\/api.w.org\/{rel}","templated":true}]}}