{"id":46256,"date":"2023-12-29T03:35:01","date_gmt":"2023-12-29T08:35:01","guid":{"rendered":"https:\/\/kyodai.com.pe\/market\/?page_id=46256"},"modified":"2023-12-29T03:41:46","modified_gmt":"2023-12-29T08:41:46","slug":"proinnovate","status":"publish","type":"page","link":"https:\/\/kyodai.com.pe\/market\/proinnovate\/","title":{"rendered":"PROINNOVATE financia\u00a0Implementaci\u00f3n de un Sistema de Automatizaci\u00f3n e Integraci\u00f3n de procesos para incrementar los niveles de ventas de la empresa KYODAI PERU S.A.C."},"content":{"rendered":"\n<div id=\"section-gab8f0d\" class=\"wp-block-gutentor-e1 section-gab8f0d gutentor-element gutentor-element-advanced-text\"><div class=\"gutentor-text-wrap\"><p class=\"gutentor-text\">\u00a0<br>PROINNOVATE financia\u00a0Implementaci\u00f3n de un Sistema de Automatizaci\u00f3n e Integraci\u00f3n de procesos para incrementar los niveles de ventas de la empresa KYODAI PERU S.A.C., mediante los fondos no reembolsables del Concurso MiPymes Digitales.<br><br>Luego de ser seleccionado como uno de los ganadores del Concurso MiPymes\u00a0Digitales\u00a02022, el Programa Nacional de Desarrollo Tecnol\u00f3gico e Innovaci\u00f3n \u2013\u00a0ProInnovate, otorga recursos no reembolsables para ejecutar el proyecto\u00a0\u201cImplementaci\u00f3n de un Sistema de Automatizaci\u00f3n e Integraci\u00f3n de procesos para incrementar los niveles de ventas de la empresa KYODAI PERU S.A.C.\u201d<br><br>La implementaci\u00f3n\u00a0del\u00a0Sistema de Automatizaci\u00f3n e Integraci\u00f3n de procesos\u00a0ayudar\u00e1 aincrementar los niveles de\u00a0ventas,\u00a0\u00a0mejorar\u00a0la eficiencia en la gesti\u00f3n y control de los productos y servicios\u00a0de\u00a0Kyodai\u00a0Market.<br><br><br><\/p><\/div><\/div>\n\n\n\n<div class=\"wp-block-columns is-layout-flex wp-container-3 wp-block-columns-is-layout-flex\">\n<div class=\"wp-block-column is-layout-flow wp-block-column-is-layout-flow\">\n<figure class=\"wp-block-image size-large\"><a href=\"https:\/\/i0.wp.com\/kyodai.com.pe\/market\/wp-content\/uploads\/2018\/02\/banner-web-market-2018.png?ssl=1\"><img decoding=\"async\" loading=\"lazy\" width=\"980\" height=\"326\" src=\"https:\/\/i0.wp.com\/kyodai.com.pe\/market\/wp-content\/uploads\/2018\/02\/banner-web-market-2018.png?resize=980%2C326&#038;ssl=1\" alt=\"\" class=\"wp-image-12\" srcset=\"https:\/\/i0.wp.com\/kyodai.com.pe\/market\/wp-content\/uploads\/2018\/02\/banner-web-market-2018.png?resize=1024%2C341&amp;ssl=1 1024w, https:\/\/i0.wp.com\/kyodai.com.pe\/market\/wp-content\/uploads\/2018\/02\/banner-web-market-2018.png?resize=416%2C139&amp;ssl=1 416w, https:\/\/i0.wp.com\/kyodai.com.pe\/market\/wp-content\/uploads\/2018\/02\/banner-web-market-2018.png?resize=300%2C100&amp;ssl=1 300w, https:\/\/i0.wp.com\/kyodai.com.pe\/market\/wp-content\/uploads\/2018\/02\/banner-web-market-2018.png?resize=768%2C256&amp;ssl=1 768w, https:\/\/i0.wp.com\/kyodai.com.pe\/market\/wp-content\/uploads\/2018\/02\/banner-web-market-2018.png?resize=600%2C200&amp;ssl=1 600w, https:\/\/i0.wp.com\/kyodai.com.pe\/market\/wp-content\/uploads\/2018\/02\/banner-web-market-2018.png?resize=280%2C93&amp;ssl=1 280w, https:\/\/i0.wp.com\/kyodai.com.pe\/market\/wp-content\/uploads\/2018\/02\/banner-web-market-2018.png?w=1200&amp;ssl=1 1200w\" sizes=\"(max-width: 980px) 100vw, 980px\" data-recalc-dims=\"1\" \/><\/a><\/figure>\n<\/div>\n\n\n\n<div class=\"wp-block-column is-layout-flow wp-block-column-is-layout-flow\">\n<figure class=\"wp-block-image alignfull size-full\"><a href=\"https:\/\/i0.wp.com\/kyodai.com.pe\/market\/wp-content\/uploads\/2023\/12\/ProInnovate_Logo.png?ssl=1\"><img decoding=\"async\" loading=\"lazy\" width=\"350\" height=\"91\" src=\"https:\/\/i0.wp.com\/kyodai.com.pe\/market\/wp-content\/uploads\/2023\/12\/ProInnovate_Logo.png?resize=350%2C91&#038;ssl=1\" alt=\"\" class=\"wp-image-46258\" srcset=\"https:\/\/i0.wp.com\/kyodai.com.pe\/market\/wp-content\/uploads\/2023\/12\/ProInnovate_Logo.png?w=350&amp;ssl=1 350w, https:\/\/i0.wp.com\/kyodai.com.pe\/market\/wp-content\/uploads\/2023\/12\/ProInnovate_Logo.png?resize=300%2C78&amp;ssl=1 300w, https:\/\/i0.wp.com\/kyodai.com.pe\/market\/wp-content\/uploads\/2023\/12\/ProInnovate_Logo.png?resize=64%2C17&amp;ssl=1 64w\" sizes=\"(max-width: 350px) 100vw, 350px\" data-recalc-dims=\"1\" \/><\/a><\/figure>\n<\/div>\n<\/div>\n","protected":false},"excerpt":{"rendered":"","protected":false},"author":20,"featured_media":0,"parent":0,"menu_order":0,"comment_status":"closed","ping_status":"closed","template":"","meta":{"advgb_blocks_editor_width":"","advgb_blocks_columns_visual_guide":"","footnotes":""},"aioseo_notices":[],"jetpack_sharing_enabled":true,"coauthors":[],"author_meta":{"author_link":"https:\/\/kyodai.com.pe\/market\/author\/paulo-hiyagon\/","display_name":"paulo.hiyagon"},"relative_dates":{"created":"Publicado 2 a\u00f1os hace","modified":"Actualizado 2 a\u00f1os hace"},"absolute_dates":{"created":"Publicado el 29\/12\/2023","modified":"Actualizado el 29\/12\/2023"},"absolute_dates_time":{"created":"Publicado el 29\/12\/2023 3:35 am","modified":"Actualizado el 29\/12\/2023 3:41 am"},"featured_img_caption":"","featured_img":false,"series_order":"","_links":{"self":[{"href":"https:\/\/kyodai.com.pe\/market\/wp-json\/wp\/v2\/pages\/46256"}],"collection":[{"href":"https:\/\/kyodai.com.pe\/market\/wp-json\/wp\/v2\/pages"}],"about":[{"href":"https:\/\/kyodai.com.pe\/market\/wp-json\/wp\/v2\/types\/page"}],"author":[{"embeddable":true,"href":"https:\/\/kyodai.com.pe\/market\/wp-json\/wp\/v2\/users\/20"}],"replies":[{"embeddable":true,"href":"https:\/\/kyodai.com.pe\/market\/wp-json\/wp\/v2\/comments?post=46256"}],"version-history":[{"count":2,"href":"https:\/\/kyodai.com.pe\/market\/wp-json\/wp\/v2\/pages\/46256\/revisions"}],"predecessor-version":[{"id":46260,"href":"https:\/\/kyodai.com.pe\/market\/wp-json\/wp\/v2\/pages\/46256\/revisions\/46260"}],"wp:attachment":[{"href":"https:\/\/kyodai.com.pe\/market\/wp-json\/wp\/v2\/media?parent=46256"}],"curies":[{"name":"wp","href":"https:\/\/api.w.org\/{rel}","templated":true}]}}