{"id":22340,"date":"2021-03-14T12:49:16","date_gmt":"2021-03-14T17:49:16","guid":{"rendered":"https:\/\/kyodai.com.pe\/market\/?page_id=22340"},"modified":"2021-03-14T19:19:05","modified_gmt":"2021-03-15T00:19:05","slug":"cocina-oriental","status":"publish","type":"page","link":"https:\/\/kyodai.com.pe\/market\/blog\/cocina-oriental\/","title":{"rendered":"Insumos y Cocina Oriental"},"content":{"rendered":"<section class=\"gutentor-post-module section-fc24a532-bee9-4e14-bdd7-d7d3e06c6a5a gutentor-post-module-p1 gutentor_p1_template1 wp-block-gutentor-p1 gutentor-blog-list gutentor-reverse-list\" id=\"fc24a532-bee9-4e14-bdd7-d7d3e06c6a5a\" data-gbid=\"fc24a532-bee9-4e14-bdd7-d7d3e06c6a5a\" >\n<div class='grid-container'><div class='grid-row' ><article class='gutentor-post'><div class='gutentor-post-item'><div class='gutentor-post-image-box'><div class=\"gutentor-image-thumb\"><img loading=\"lazy\" width=\"2500\" height=\"2500\" src=\"https:\/\/i0.wp.com\/kyodai.com.pe\/market\/wp-content\/uploads\/2023\/02\/Que-es-el-Onigiri_Mesa-de-trabajo-1.jpg?fit=2500%2C2500&amp;ssl=1\" class=\"attachment-full size-full wp-post-image\" alt=\"\" decoding=\"async\" srcset=\"https:\/\/i0.wp.com\/kyodai.com.pe\/market\/wp-content\/uploads\/2023\/02\/Que-es-el-Onigiri_Mesa-de-trabajo-1.jpg?w=2500&amp;ssl=1 2500w, https:\/\/i0.wp.com\/kyodai.com.pe\/market\/wp-content\/uploads\/2023\/02\/Que-es-el-Onigiri_Mesa-de-trabajo-1.jpg?resize=300%2C300&amp;ssl=1 300w, https:\/\/i0.wp.com\/kyodai.com.pe\/market\/wp-content\/uploads\/2023\/02\/Que-es-el-Onigiri_Mesa-de-trabajo-1.jpg?resize=1024%2C1024&amp;ssl=1 1024w, https:\/\/i0.wp.com\/kyodai.com.pe\/market\/wp-content\/uploads\/2023\/02\/Que-es-el-Onigiri_Mesa-de-trabajo-1.jpg?resize=150%2C150&amp;ssl=1 150w, https:\/\/i0.wp.com\/kyodai.com.pe\/market\/wp-content\/uploads\/2023\/02\/Que-es-el-Onigiri_Mesa-de-trabajo-1.jpg?resize=768%2C768&amp;ssl=1 768w, https:\/\/i0.wp.com\/kyodai.com.pe\/market\/wp-content\/uploads\/2023\/02\/Que-es-el-Onigiri_Mesa-de-trabajo-1.jpg?resize=1536%2C1536&amp;ssl=1 1536w, https:\/\/i0.wp.com\/kyodai.com.pe\/market\/wp-content\/uploads\/2023\/02\/Que-es-el-Onigiri_Mesa-de-trabajo-1.jpg?resize=2048%2C2048&amp;ssl=1 2048w, https:\/\/i0.wp.com\/kyodai.com.pe\/market\/wp-content\/uploads\/2023\/02\/Que-es-el-Onigiri_Mesa-de-trabajo-1.jpg?resize=324%2C324&amp;ssl=1 324w, https:\/\/i0.wp.com\/kyodai.com.pe\/market\/wp-content\/uploads\/2023\/02\/Que-es-el-Onigiri_Mesa-de-trabajo-1.jpg?resize=416%2C416&amp;ssl=1 416w, https:\/\/i0.wp.com\/kyodai.com.pe\/market\/wp-content\/uploads\/2023\/02\/Que-es-el-Onigiri_Mesa-de-trabajo-1.jpg?resize=100%2C100&amp;ssl=1 100w, https:\/\/i0.wp.com\/kyodai.com.pe\/market\/wp-content\/uploads\/2023\/02\/Que-es-el-Onigiri_Mesa-de-trabajo-1.jpg?resize=64%2C64&amp;ssl=1 64w, https:\/\/i0.wp.com\/kyodai.com.pe\/market\/wp-content\/uploads\/2023\/02\/Que-es-el-Onigiri_Mesa-de-trabajo-1.jpg?w=1960&amp;ssl=1 1960w\" sizes=\"(max-width: 980px) 100vw, 980px\" \/><\/div><\/div><div class=\"gutentor-post-content\"><div class=\"gutentor-post-title-data-wrap\"><h3 class=\"gutentor-post-title\"><a href=\"https:\/\/kyodai.com.pe\/market\/que-es-el-onigiri\/\" rel=\"bookmark\">\u00bfQu\u00e9 es el Onigiri?<\/a><\/h3><\/div><div class=\"gutentor-entry-meta gutentor-entry-meta-primary\"><div class=\"gutentor-meta-categories\"><i class=\"fas fa-tags\"><\/i><a href=\"https:\/\/kyodai.com.pe\/market\/category\/insumos-y-cocina-oriental\/\" rel=\"category tag\">Insumos y Cocina Oriental<\/a><\/div><div class=\"author vcard\"><i class=\"far fa-user\"><\/i><a href=\"https:\/\/kyodai.com.pe\/market\/que-es-el-onigiri\/\" rel=\"bookmark\">Editor Market Kyodai<\/a><\/div><div class=\"posted-on\"><i class=\"far fa-calendar-alt\"><\/i><a href=\"https:\/\/kyodai.com.pe\/market\/que-es-el-onigiri\/\" rel=\"bookmark\">13\/02\/2023<\/a><\/div><\/div><div class=\"gutentor-post-desc\">\u00bfSab\u00edas que los onigiris se consumen en Jap\u00f3n desde los a\u00f1os 300 a.C.? \u00bfQu\u00e9 tanto conoces acerca de &hellip;<\/div><a class=\"gutentor-button gutentor-post-button gutentor-icon-before\"  href=\"https:\/\/kyodai.com.pe\/market\/que-es-el-onigiri\/\" href=\"https:\/\/kyodai.com.pe\/market\/que-es-el-onigiri\/\"><i class=\"gutentor-button-icon fas fa-book\" ><\/i><span>Ver m\u00e1s&#8230;<\/span><\/a><\/div><\/div><\/article><article class='gutentor-post'><div class='gutentor-post-item'><div class='gutentor-post-image-box'><div class=\"gutentor-image-thumb\"><img loading=\"lazy\" width=\"900\" height=\"600\" src=\"https:\/\/i0.wp.com\/kyodai.com.pe\/market\/wp-content\/uploads\/2021\/03\/tallarin-saltado-pollo_2.jpeg?fit=900%2C600&amp;ssl=1\" class=\"attachment-full size-full wp-post-image\" alt=\"\" decoding=\"async\" srcset=\"https:\/\/i0.wp.com\/kyodai.com.pe\/market\/wp-content\/uploads\/2021\/03\/tallarin-saltado-pollo_2.jpeg?w=900&amp;ssl=1 900w, https:\/\/i0.wp.com\/kyodai.com.pe\/market\/wp-content\/uploads\/2021\/03\/tallarin-saltado-pollo_2.jpeg?resize=300%2C200&amp;ssl=1 300w, https:\/\/i0.wp.com\/kyodai.com.pe\/market\/wp-content\/uploads\/2021\/03\/tallarin-saltado-pollo_2.jpeg?resize=768%2C512&amp;ssl=1 768w, https:\/\/i0.wp.com\/kyodai.com.pe\/market\/wp-content\/uploads\/2021\/03\/tallarin-saltado-pollo_2.jpeg?resize=416%2C277&amp;ssl=1 416w, https:\/\/i0.wp.com\/kyodai.com.pe\/market\/wp-content\/uploads\/2021\/03\/tallarin-saltado-pollo_2.jpeg?resize=64%2C43&amp;ssl=1 64w\" sizes=\"(max-width: 900px) 100vw, 900px\" \/><\/div><\/div><div class=\"gutentor-post-content\"><div class=\"gutentor-post-title-data-wrap\"><h3 class=\"gutentor-post-title\"><a href=\"https:\/\/kyodai.com.pe\/market\/tallarin-saltado-chifa\/\" rel=\"bookmark\">Tallar\u00edn Saltado (Chifa)<\/a><\/h3><\/div><div class=\"gutentor-entry-meta gutentor-entry-meta-primary\"><div class=\"gutentor-meta-categories\"><i class=\"fas fa-tags\"><\/i><a href=\"https:\/\/kyodai.com.pe\/market\/category\/insumos-y-cocina-oriental\/\" rel=\"category tag\">Insumos y Cocina Oriental<\/a><\/div><div class=\"author vcard\"><i class=\"far fa-user\"><\/i><a href=\"https:\/\/kyodai.com.pe\/market\/tallarin-saltado-chifa\/\" rel=\"bookmark\">Market Kyodai<\/a><\/div><div class=\"posted-on\"><i class=\"far fa-calendar-alt\"><\/i><a href=\"https:\/\/kyodai.com.pe\/market\/tallarin-saltado-chifa\/\" rel=\"bookmark\">13\/03\/2021<\/a><\/div><div class=\"comments-link\"><i class=\"fas fa-comment\"><\/i>11<\/div><\/div><div class=\"gutentor-post-desc\">A mediado del siglo XIX llegaron al Per\u00fa una gran cantidad de inmigrantes provenientes de China, hac&hellip;<\/div><a class=\"gutentor-button gutentor-post-button gutentor-icon-before\"  href=\"https:\/\/kyodai.com.pe\/market\/tallarin-saltado-chifa\/\" href=\"https:\/\/kyodai.com.pe\/market\/tallarin-saltado-chifa\/\"><i class=\"gutentor-button-icon fas fa-book\" ><\/i><span>Ver m\u00e1s&#8230;<\/span><\/a><\/div><\/div><\/article><article class='gutentor-post'><div class='gutentor-post-item'><div class='gutentor-post-image-box'><div class=\"gutentor-image-thumb\"><img loading=\"lazy\" width=\"2048\" height=\"1536\" src=\"https:\/\/i0.wp.com\/kyodai.com.pe\/market\/wp-content\/uploads\/2021\/03\/16_01_34_MapoTofu_Final.jpeg?fit=2048%2C1536&amp;ssl=1\" class=\"attachment-full size-full wp-post-image\" alt=\"\" decoding=\"async\" srcset=\"https:\/\/i0.wp.com\/kyodai.com.pe\/market\/wp-content\/uploads\/2021\/03\/16_01_34_MapoTofu_Final.jpeg?w=2048&amp;ssl=1 2048w, https:\/\/i0.wp.com\/kyodai.com.pe\/market\/wp-content\/uploads\/2021\/03\/16_01_34_MapoTofu_Final.jpeg?resize=300%2C225&amp;ssl=1 300w, https:\/\/i0.wp.com\/kyodai.com.pe\/market\/wp-content\/uploads\/2021\/03\/16_01_34_MapoTofu_Final.jpeg?resize=1024%2C768&amp;ssl=1 1024w, https:\/\/i0.wp.com\/kyodai.com.pe\/market\/wp-content\/uploads\/2021\/03\/16_01_34_MapoTofu_Final.jpeg?resize=768%2C576&amp;ssl=1 768w, https:\/\/i0.wp.com\/kyodai.com.pe\/market\/wp-content\/uploads\/2021\/03\/16_01_34_MapoTofu_Final.jpeg?resize=1536%2C1152&amp;ssl=1 1536w, https:\/\/i0.wp.com\/kyodai.com.pe\/market\/wp-content\/uploads\/2021\/03\/16_01_34_MapoTofu_Final.jpeg?resize=416%2C312&amp;ssl=1 416w, https:\/\/i0.wp.com\/kyodai.com.pe\/market\/wp-content\/uploads\/2021\/03\/16_01_34_MapoTofu_Final.jpeg?resize=64%2C48&amp;ssl=1 64w, https:\/\/i0.wp.com\/kyodai.com.pe\/market\/wp-content\/uploads\/2021\/03\/16_01_34_MapoTofu_Final.jpeg?w=1960&amp;ssl=1 1960w\" sizes=\"(max-width: 980px) 100vw, 980px\" \/><\/div><\/div><div class=\"gutentor-post-content\"><div class=\"gutentor-post-title-data-wrap\"><h3 class=\"gutentor-post-title\"><a href=\"https:\/\/kyodai.com.pe\/market\/mapo-tofu\/\" rel=\"bookmark\">Mapo Tofu<\/a><\/h3><\/div><div class=\"gutentor-entry-meta gutentor-entry-meta-primary\"><div class=\"gutentor-meta-categories\"><i class=\"fas fa-tags\"><\/i><a href=\"https:\/\/kyodai.com.pe\/market\/category\/insumos-y-cocina-oriental\/\" rel=\"category tag\">Insumos y Cocina Oriental<\/a><\/div><div class=\"author vcard\"><i class=\"far fa-user\"><\/i><a href=\"https:\/\/kyodai.com.pe\/market\/mapo-tofu\/\" rel=\"bookmark\">Market Kyodai<\/a><\/div><div class=\"posted-on\"><i class=\"far fa-calendar-alt\"><\/i><a href=\"https:\/\/kyodai.com.pe\/market\/mapo-tofu\/\" rel=\"bookmark\">13\/03\/2021<\/a><\/div><div class=\"comments-link\"><i class=\"fas fa-comment\"><\/i>13<\/div><\/div><div class=\"gutentor-post-desc\">M\u0101b\u014dd\u014dfu (\u9ebb \u5a46 \u8c46\u8150) es el nombre japon\u00e9s de \u00abMapo Tofu\u00bb,  plato chino de la provincia de Sichuan. El t&hellip;<\/div><a class=\"gutentor-button gutentor-post-button gutentor-icon-before\"  href=\"https:\/\/kyodai.com.pe\/market\/mapo-tofu\/\" href=\"https:\/\/kyodai.com.pe\/market\/mapo-tofu\/\"><i class=\"gutentor-button-icon fas fa-book\" ><\/i><span>Ver m\u00e1s&#8230;<\/span><\/a><\/div><\/div><\/article><\/div><\/div><\/section>\n\n\n<p><\/p>\n","protected":false},"excerpt":{"rendered":"","protected":false},"author":20,"featured_media":22365,"parent":22300,"menu_order":0,"comment_status":"closed","ping_status":"closed","template":"","meta":{"advgb_blocks_editor_width":"","advgb_blocks_columns_visual_guide":"","footnotes":""},"aioseo_notices":[],"jetpack_sharing_enabled":true,"coauthors":[],"author_meta":{"author_link":"https:\/\/kyodai.com.pe\/market\/author\/paulo-hiyagon\/","display_name":"paulo.hiyagon"},"relative_dates":{"created":"Publicado 5 a\u00f1os hace","modified":"Actualizado 5 a\u00f1os hace"},"absolute_dates":{"created":"Publicado el 14\/03\/2021","modified":"Actualizado el 14\/03\/2021"},"absolute_dates_time":{"created":"Publicado el 14\/03\/2021 12:49 pm","modified":"Actualizado el 14\/03\/2021 7:19 pm"},"featured_img_caption":"43320315 - set of traditional japanese food on a dark background. sushi rolls, nigiri, raw salmon steak, rice, cream cheese, avocado, lime, pickled ginger (gari), raw ginger, wasabi, soy sauce, nori, \u0441hopsticks. asian food frame. dinner party. space for text","featured_img":"https:\/\/kyodai.com.pe\/market\/wp-content\/uploads\/2021\/03\/Insumos_02.jpeg","series_order":"","_links":{"self":[{"href":"https:\/\/kyodai.com.pe\/market\/wp-json\/wp\/v2\/pages\/22340"}],"collection":[{"href":"https:\/\/kyodai.com.pe\/market\/wp-json\/wp\/v2\/pages"}],"about":[{"href":"https:\/\/kyodai.com.pe\/market\/wp-json\/wp\/v2\/types\/page"}],"author":[{"embeddable":true,"href":"https:\/\/kyodai.com.pe\/market\/wp-json\/wp\/v2\/users\/20"}],"replies":[{"embeddable":true,"href":"https:\/\/kyodai.com.pe\/market\/wp-json\/wp\/v2\/comments?post=22340"}],"version-history":[{"count":0,"href":"https:\/\/kyodai.com.pe\/market\/wp-json\/wp\/v2\/pages\/22340\/revisions"}],"up":[{"embeddable":true,"href":"https:\/\/kyodai.com.pe\/market\/wp-json\/wp\/v2\/pages\/22300"}],"wp:featuredmedia":[{"embeddable":true,"href":"https:\/\/kyodai.com.pe\/market\/wp-json\/wp\/v2\/media\/22365"}],"wp:attachment":[{"href":"https:\/\/kyodai.com.pe\/market\/wp-json\/wp\/v2\/media?parent=22340"}],"curies":[{"name":"wp","href":"https:\/\/api.w.org\/{rel}","templated":true}]}}