{"id":8,"date":"2018-02-06T22:37:02","date_gmt":"2018-02-06T22:37:02","guid":{"rendered":"http:\/\/kyodai.com.pe\/eien\/?page_id=8"},"modified":"2021-05-19T17:04:51","modified_gmt":"2021-05-19T22:04:51","slug":"quienes-somos","status":"publish","type":"page","link":"https:\/\/kyodai.com.pe\/eien\/eien\/quienes-somos\/","title":{"rendered":"Quienes Somos"},"content":{"rendered":"\n<section id=\"section-c1126f9a-9e8e-43d9-ae2c-e1b5614fbb8e\" class=\"wp-block-gutentor-featured-block gutentor-section gutentor-featured-block featured-template1\"><div class=\"grid-container\"><div class=\"gutentor-block-header\"><div class=\"gutentor-section-title enable-title-design seperator-bottom text-center\"><h3 class=\"gutentor-title\">\u00bfQu\u00e9 es Eien?<\/h3><\/div><\/div><div class=\"gutentor-grid-item-wrap\"><div class=\"gutentor-single-item\"><div class=\"grid-row\"><div class=\"grid-md-6\"><div class=\"gutentor-single-item-image-box\"><div class=\"gutentor-image-thumb\"><img class=\"normal-image\" src=\"https:\/\/kyodai.com.pe\/eien\/wp-content\/uploads\/2021\/05\/Isotipo-Eien-01.jpg\" alt=\"\"\/><\/div><\/div><\/div><div class=\"grid-md-6\"><div class=\"gutentor-single-item-content\"><div class=\"gutentor-featured-content\"><h3 class=\"gutentor-single-item-title\">Eien Servicios Funerarios<\/h3><p class=\"gutentor-single-item-desc\">Es un servicio de KYODAI que ofrece planes de protecci\u00f3n familiar a trav\u00e9s de un servicio Integral de Sepelio, brindando adem\u00e1s apoyo y compa\u00f1\u00eda para los familiares en ese dif\u00edcil momento que significa la partida de un ser querido.<br><br><strong>Nuestra misi\u00f3n<\/strong><br>\u201cBrindar tranquilidad y asistencia a las familias que han confiado en nosotros, garantiz\u00e1ndoles un excelente servicio, apoyo moral y espiritual, con un equipo humano y profesional\u201d.<br><br><strong>Visi\u00f3n<\/strong><br>\u201cSer la mejor opci\u00f3n para las familias peruanas, reconocidos por brindar altos est\u00e1ndares de atenci\u00f3n en nuestros Servicios Integrales de Sepelio\u201d.<\/p><\/div><\/div><\/div><\/div><\/div><\/div><\/div><\/section>\n","protected":false},"excerpt":{"rendered":"<p>Eien Servicios Funerarios<\/p>\n","protected":false},"author":1,"featured_media":10,"parent":5,"menu_order":1,"comment_status":"closed","ping_status":"closed","template":"","meta":[],"_links":{"self":[{"href":"https:\/\/kyodai.com.pe\/eien\/wp-json\/wp\/v2\/pages\/8"}],"collection":[{"href":"https:\/\/kyodai.com.pe\/eien\/wp-json\/wp\/v2\/pages"}],"about":[{"href":"https:\/\/kyodai.com.pe\/eien\/wp-json\/wp\/v2\/types\/page"}],"author":[{"embeddable":true,"href":"https:\/\/kyodai.com.pe\/eien\/wp-json\/wp\/v2\/users\/1"}],"replies":[{"embeddable":true,"href":"https:\/\/kyodai.com.pe\/eien\/wp-json\/wp\/v2\/comments?post=8"}],"version-history":[{"count":17,"href":"https:\/\/kyodai.com.pe\/eien\/wp-json\/wp\/v2\/pages\/8\/revisions"}],"predecessor-version":[{"id":446,"href":"https:\/\/kyodai.com.pe\/eien\/wp-json\/wp\/v2\/pages\/8\/revisions\/446"}],"up":[{"embeddable":true,"href":"https:\/\/kyodai.com.pe\/eien\/wp-json\/wp\/v2\/pages\/5"}],"wp:featuredmedia":[{"embeddable":true,"href":"https:\/\/kyodai.com.pe\/eien\/wp-json\/wp\/v2\/media\/10"}],"wp:attachment":[{"href":"https:\/\/kyodai.com.pe\/eien\/wp-json\/wp\/v2\/media?parent=8"}],"curies":[{"name":"wp","href":"https:\/\/api.w.org\/{rel}","templated":true}]}}