{"id":12,"date":"2018-02-06T22:40:05","date_gmt":"2018-02-07T03:40:05","guid":{"rendered":"http:\/\/kyodai.com.pe\/eien\/?page_id=12"},"modified":"2021-05-19T17:48:24","modified_gmt":"2021-05-19T22:48:24","slug":"servicios","status":"publish","type":"page","link":"https:\/\/kyodai.com.pe\/eien\/eien\/servicios\/","title":{"rendered":"Nuestros Servicios"},"content":{"rendered":"\n<section id=\"section-52a31383-1b90-44b8-897d-19cda8086f3b\" class=\"wp-block-gutentor-featured-block gutentor-section gutentor-featured-block featured-template1\"><div class=\"grid-container\"><div class=\"gutentor-grid-item-wrap\"><div class=\"gutentor-single-item\"><div class=\"grid-row\"><div class=\"grid-md-6\"><div class=\"gutentor-single-item-image-box\"><div class=\"gutentor-image-thumb\"><img class=\"normal-image\" src=\"https:\/\/kyodai.com.pe\/eien\/wp-content\/uploads\/2021\/05\/Im\u00e1genes-para-Web-Eien-2021-Necesidad-Inmediata-01.png\" alt=\"\"\/><\/div><\/div><\/div><div class=\"grid-md-6\"><div class=\"gutentor-single-item-content\"><div class=\"gutentor-featured-content\"><h3 class=\"gutentor-single-item-title\">Necesidad Inmediata<\/h3><p class=\"gutentor-single-item-desc\"><br>Servicio Funerario Tradicional para sepultura, brind\u00e1ndole opciones de acuerdo con sus necesidades.<br><br>Pack Cremaci\u00f3n (servicio funerario m\u00e1s crematorio).<br><br>Sepultura en el Camposanto o Columbario de su elecci\u00f3n.<\/p><\/div><\/div><\/div><\/div><\/div><\/div><\/div><\/section>\n\n\n\n<section id=\"section-a31cd14e-e992-46d6-b169-9e606ece7728\" class=\"wp-block-gutentor-divider section-a31cd14e-e992-46d6-b169-9e606ece7728 gutentor-element gutentor-section gutentor-divider text-center\"><div class=\"grid-container\"><div class=\"gutentor-divider-box\"><span><svg xmlns=\"http:\/\/www.w3.org\/2000\/svg\" viewBox=\"0 0 240 40\" preserveAspectRatio=\"none\"><path d=\"M56.2 20c5.3-.1 10.6-.2 16-.3l16-.2c10.6-.1 21.3-.1 31.9-.2 10.6.1 21.3 0 31.9.1l16 .2c5.3.1 10.6.2 16 .3-5.3.1-10.6.2-16 .3l-16 .2c-10.6.1-21.3.1-31.9.1-10.6-.1-21.3 0-31.9-.2l-16-.2c-5.4.1-10.7 0-16-.1z\"><\/path><\/svg><\/span><\/div><\/div><\/section>\n\n\n\n<section id=\"section-5d7beed6-7eca-4ab0-ad4e-cc8433fe3994\" class=\"wp-block-gutentor-featured-block gutentor-section gutentor-featured-block featured-template2\"><div class=\"grid-container\"><div class=\"gutentor-grid-item-wrap\"><div class=\"gutentor-single-item\"><div class=\"grid-row\"><div class=\"grid-md-6\"><div class=\"gutentor-single-item-content\"><div class=\"gutentor-featured-content\"><h3 class=\"gutentor-single-item-title\">Prevenci\u00f3n <br>Planes de Necesidad Futura<\/h3><p class=\"gutentor-single-item-desc\"><br>Venta de espacios para sepultura (Cr\u00e9dito de acuerdo a su presupuesto).<br><br>Venta de Columbarios.<\/p><\/div><\/div><\/div><div class=\"grid-md-6\"><div class=\"gutentor-single-item-image-box\"><div class=\"gutentor-image-thumb\"><img class=\"normal-image\" src=\"https:\/\/kyodai.com.pe\/eien\/wp-content\/uploads\/2021\/05\/Im\u00e1genes-para-Web-Eien-2021-Necesidad-Futura-01.png\" alt=\"\"\/><\/div><\/div><\/div><\/div><\/div><\/div><\/div><\/section>\n\n\n\n<section id=\"section-a81f2da7-ef6d-4ec5-8808-f58cd5d4fa96\" class=\"wp-block-gutentor-divider section-a81f2da7-ef6d-4ec5-8808-f58cd5d4fa96 gutentor-element gutentor-section gutentor-divider text-center\"><div class=\"grid-container\"><div class=\"gutentor-divider-box\"><span><svg xmlns=\"http:\/\/www.w3.org\/2000\/svg\" viewBox=\"0 0 240 40\" preserveAspectRatio=\"none\"><path d=\"M56.2 20c5.3-.1 10.6-.2 16-.3l16-.2c10.6-.1 21.3-.1 31.9-.2 10.6.1 21.3 0 31.9.1l16 .2c5.3.1 10.6.2 16 .3-5.3.1-10.6.2-16 .3l-16 .2c-10.6.1-21.3.1-31.9.1-10.6-.1-21.3 0-31.9-.2l-16-.2c-5.4.1-10.7 0-16-.1z\"><\/path><\/svg><\/span><\/div><\/div><\/section>\n\n\n\n<section id=\"section-4a58782f-4edf-47af-8d8a-6174db074f25\" class=\"wp-block-gutentor-featured-block gutentor-section gutentor-featured-block featured-template1\"><div class=\"grid-container\"><div class=\"gutentor-grid-item-wrap\"><div class=\"gutentor-single-item\"><div class=\"grid-row\"><div class=\"grid-md-6\"><div class=\"gutentor-single-item-image-box\"><div class=\"gutentor-image-thumb\"><img class=\"normal-image\" src=\"https:\/\/kyodai.com.pe\/eien\/wp-content\/uploads\/2021\/05\/Im\u00e1genes-para-Web-Eien-2021-Otros-Servicios.png\" alt=\"\"\/><\/div><\/div><\/div><div class=\"grid-md-6\"><div class=\"gutentor-single-item-content\"><div class=\"gutentor-featured-content\"><h3 class=\"gutentor-single-item-title\">Otros Servicios<\/h3><p class=\"gutentor-single-item-desc\"><br>Exhumaciones y traslados.<br><br>Alquiler de Mesa Japonesa.<br><br>Publicaci\u00f3n de Obituarios (Facebook \u2013 Diarios).<br><br>Asesor\u00eda de tr\u00e1mites documentarios.<\/p><\/div><\/div><\/div><\/div><\/div><\/div><\/div><\/section>\n\n\n\n<section id=\"section-9ea00042-0f76-420b-80b9-207d46e986b2\" class=\"wp-block-gutentor-divider section-9ea00042-0f76-420b-80b9-207d46e986b2 gutentor-element gutentor-section gutentor-divider text-center\"><div class=\"grid-container\"><div class=\"gutentor-divider-box\"><span><svg xmlns=\"http:\/\/www.w3.org\/2000\/svg\" viewBox=\"0 0 240 40\" preserveAspectRatio=\"none\"><path d=\"M56.2 20c5.3-.1 10.6-.2 16-.3l16-.2c10.6-.1 21.3-.1 31.9-.2 10.6.1 21.3 0 31.9.1l16 .2c5.3.1 10.6.2 16 .3-5.3.1-10.6.2-16 .3l-16 .2c-10.6.1-21.3.1-31.9.1-10.6-.1-21.3 0-31.9-.2l-16-.2c-5.4.1-10.7 0-16-.1z\"><\/path><\/svg><\/span><\/div><\/div><\/section>\n\n\n\n<section id=\"section-261490c4-a5bf-4d61-8c4c-9514eebfccf2\" class=\"wp-block-gutentor-featured-block gutentor-section gutentor-featured-block featured-template2\"><div class=\"grid-container\"><div class=\"gutentor-grid-item-wrap\"><div class=\"gutentor-single-item\"><div class=\"grid-row\"><div class=\"grid-md-6\"><div class=\"gutentor-single-item-content\"><div class=\"gutentor-featured-content\"><h3 class=\"gutentor-single-item-title\">Koden Virtual<\/h3><p class=\"gutentor-single-item-desc\"><br>Creado con la finalidad de poder apoyar a las familias que han perdido a un ser querido.<\/p><a class=\"gutentor-button gutentor-single-item-button gutentor-icon-hide\" href=\"\/\/web.facebook.com\/ObituarioEienKyodai\/posts\/1348248145512589?_rdc=1&amp;_rdr\" target=\"_blank\" rel=\"noopener noreferrer\"><i class=\"gutentor-button-icon fas fa-book\"><\/i><span>Leer m\u00e1s<\/span><\/a><\/div><\/div><\/div><div class=\"grid-md-6\"><div class=\"gutentor-single-item-image-box\"><div class=\"gutentor-image-thumb\"><img class=\"normal-image\" src=\"https:\/\/kyodai.com.pe\/eien\/wp-content\/uploads\/2021\/05\/Im\u00e1genes-para-Web-Eien-2021-Koden.png\" alt=\"\"\/><\/div><\/div><\/div><\/div><\/div><\/div><\/div><\/section>\n\n\n\n<section id=\"section-dde9138c-2176-424d-bc8d-6fb313e33f1e\" class=\"wp-block-gutentor-divider section-dde9138c-2176-424d-bc8d-6fb313e33f1e gutentor-element gutentor-section gutentor-divider text-center\"><div class=\"grid-container\"><div class=\"gutentor-divider-box\"><span class=\"gutentor-divider-separator\"><\/span><\/div><\/div><\/section>\n\n\n\n<div style=\"height:20px\" aria-hidden=\"true\" class=\"wp-block-spacer\"><\/div>\n\n\n\n<div class=\"wp-block-image\"><figure class=\"aligncenter size-medium is-resized\"><img loading=\"lazy\" src=\"https:\/\/kyodai.com.pe\/eien\/wp-content\/uploads\/2018\/04\/Jardines-300x92.jpg\" alt=\"\" class=\"wp-image-61\" width=\"300\" height=\"92\" srcset=\"https:\/\/kyodai.com.pe\/eien\/wp-content\/uploads\/2018\/04\/Jardines-300x92.jpg 300w, https:\/\/kyodai.com.pe\/eien\/wp-content\/uploads\/2018\/04\/Jardines.jpg 406w\" sizes=\"(max-width: 300px) 100vw, 300px\" \/><\/figure><\/div>\n\n\n\n<div id=\"section-g657883\" class=\"wp-block-gutentor-e1 section-g657883 gutentor-element gutentor-element-advanced-text text-align-center-desktop\"><div class=\"gutentor-text-wrap\"><p class=\"gutentor-text\">Somos AGENTES AUTORIZADOS de Jardines de la Paz<\/p><\/div><\/div>\n","protected":false},"excerpt":{"rendered":"<p>Nuestros Servicios<\/p>\n","protected":false},"author":1,"featured_media":13,"parent":5,"menu_order":2,"comment_status":"closed","ping_status":"closed","template":"","meta":[],"_links":{"self":[{"href":"https:\/\/kyodai.com.pe\/eien\/wp-json\/wp\/v2\/pages\/12"}],"collection":[{"href":"https:\/\/kyodai.com.pe\/eien\/wp-json\/wp\/v2\/pages"}],"about":[{"href":"https:\/\/kyodai.com.pe\/eien\/wp-json\/wp\/v2\/types\/page"}],"author":[{"embeddable":true,"href":"https:\/\/kyodai.com.pe\/eien\/wp-json\/wp\/v2\/users\/1"}],"replies":[{"embeddable":true,"href":"https:\/\/kyodai.com.pe\/eien\/wp-json\/wp\/v2\/comments?post=12"}],"version-history":[{"count":24,"href":"https:\/\/kyodai.com.pe\/eien\/wp-json\/wp\/v2\/pages\/12\/revisions"}],"predecessor-version":[{"id":447,"href":"https:\/\/kyodai.com.pe\/eien\/wp-json\/wp\/v2\/pages\/12\/revisions\/447"}],"up":[{"embeddable":true,"href":"https:\/\/kyodai.com.pe\/eien\/wp-json\/wp\/v2\/pages\/5"}],"wp:featuredmedia":[{"embeddable":true,"href":"https:\/\/kyodai.com.pe\/eien\/wp-json\/wp\/v2\/media\/13"}],"wp:attachment":[{"href":"https:\/\/kyodai.com.pe\/eien\/wp-json\/wp\/v2\/media?parent=12"}],"curies":[{"name":"wp","href":"https:\/\/api.w.org\/{rel}","templated":true}]}}